{"id":4927,"date":"2018-04-09T18:44:33","date_gmt":"2018-04-09T16:44:33","guid":{"rendered":"http:\/\/museum.hinterpasseier.it\/le-strutture\/bunker-mooseum\/teme\/recinto-di-stambecchi\/"},"modified":"2021-09-28T13:12:31","modified_gmt":"2021-09-28T11:12:31","slug":"recinto-di-stambecchi","status":"publish","type":"page","link":"https:\/\/museum.hinterpasseier.it\/it\/le-strutture\/bunker-mooseum\/temi\/recinto-di-stambecchi\/","title":{"rendered":"Recinto di stambecchi"},"content":{"rendered":"[vc_row type=&#8221;in_container&#8221; full_screen_row_position=&#8221;middle&#8221; scene_position=&#8221;center&#8221; text_color=&#8221;dark&#8221; text_align=&#8221;left&#8221; overlay_strength=&#8221;0.3&#8243; shape_divider_position=&#8221;bottom&#8221; bg_image_animation=&#8221;none&#8221;][vc_column column_padding=&#8221;no-extra-padding&#8221; column_padding_position=&#8221;all&#8221; background_color_opacity=&#8221;1&#8243; background_hover_color_opacity=&#8221;1&#8243; column_link_target=&#8221;_self&#8221; column_shadow=&#8221;none&#8221; column_border_radius=&#8221;none&#8221; width=&#8221;1\/2&#8243; tablet_width_inherit=&#8221;default&#8221; tablet_text_alignment=&#8221;default&#8221; phone_text_alignment=&#8221;default&#8221; column_border_width=&#8221;none&#8221; column_border_style=&#8221;solid&#8221; bg_image_animation=&#8221;none&#8221;][vc_column_text]\n<h3><strong><b>Recinto di stambecchi<\/b><\/strong><\/h3>\n<p><strong><b>Uno sguardo da vicino ad un animale straordinario<\/b><\/strong><\/p>\n<p>Nell\u2019area esterna del Bunker Mooseum un\u2019ampia zona recintata permette di osservare da vicino un gruppo di stambecchi. Questo particolare animale selvaggio abita l\u2019alta Val Passiria anche allo stato brado ed \u00e8 il simbolo ufficioso del Parco Naturale Gruppo di Tessa. Nelle zone pi\u00f9 impervie e scoscese attorno al bunker questi arrampicatori provetti mettono in mostra tutta la loro abilit\u00e0 senza curarsi del numeroso pubblico che assiste allo spettacolo.<\/p>\n[\/vc_column_text][\/vc_column][vc_column column_padding=&#8221;no-extra-padding&#8221; column_padding_position=&#8221;all&#8221; background_color_opacity=&#8221;1&#8243; background_hover_color_opacity=&#8221;1&#8243; column_link_target=&#8221;_self&#8221; column_shadow=&#8221;none&#8221; column_border_radius=&#8221;none&#8221; width=&#8221;1\/2&#8243; tablet_width_inherit=&#8221;default&#8221; tablet_text_alignment=&#8221;default&#8221; phone_text_alignment=&#8221;default&#8221; column_border_width=&#8221;none&#8221; column_border_style=&#8221;solid&#8221; bg_image_animation=&#8221;none&#8221;][vc_gallery type=&#8221;flexslider_style&#8221; images=&#8221;2829,2831,2832,2833,2834,2835,2836,2837,2838&#8243; onclick=&#8221;link_no&#8221; img_size=&#8221;full&#8221;][\/vc_column][\/vc_row][vc_row type=&#8221;in_container&#8221; full_screen_row_position=&#8221;middle&#8221; scene_position=&#8221;center&#8221; text_color=&#8221;dark&#8221; text_align=&#8221;left&#8221; overlay_strength=&#8221;0.3&#8243; shape_divider_position=&#8221;bottom&#8221; bg_image_animation=&#8221;none&#8221;][vc_column column_padding=&#8221;no-extra-padding&#8221; column_padding_position=&#8221;all&#8221; background_color_opacity=&#8221;1&#8243; background_hover_color_opacity=&#8221;1&#8243; column_link_target=&#8221;_self&#8221; column_shadow=&#8221;none&#8221; column_border_radius=&#8221;none&#8221; width=&#8221;1\/2&#8243; tablet_width_inherit=&#8221;default&#8221; tablet_text_alignment=&#8221;default&#8221; phone_text_alignment=&#8221;default&#8221; column_border_width=&#8221;none&#8221; column_border_style=&#8221;solid&#8221; bg_image_animation=&#8221;none&#8221;][vc_column_text]Anche gli esemplari pi\u00f9 giovani, nati nel giugno del 2018, gi\u00e0 mettono alla prova le loro capacit\u00e0 innate.[\/vc_column_text][\/vc_column][vc_column column_padding=&#8221;no-extra-padding&#8221; column_padding_position=&#8221;all&#8221; background_color_opacity=&#8221;1&#8243; background_hover_color_opacity=&#8221;1&#8243; column_link_target=&#8221;_self&#8221; column_shadow=&#8221;none&#8221; column_border_radius=&#8221;none&#8221; width=&#8221;1\/2&#8243; tablet_width_inherit=&#8221;default&#8221; tablet_text_alignment=&#8221;default&#8221; phone_text_alignment=&#8221;default&#8221; column_border_width=&#8221;none&#8221; column_border_style=&#8221;solid&#8221; bg_image_animation=&#8221;none&#8221;][vc_gallery type=&#8221;flexslider_style&#8221; images=&#8221;3971,3972,3973,3974,3975&#8243; onclick=&#8221;link_no&#8221; img_size=&#8221;full&#8221;][\/vc_column][\/vc_row][vc_row type=&#8221;in_container&#8221; full_screen_row_position=&#8221;middle&#8221; scene_position=&#8221;center&#8221; text_color=&#8221;dark&#8221; text_align=&#8221;left&#8221; overlay_strength=&#8221;0.3&#8243; shape_divider_position=&#8221;bottom&#8221; bg_image_animation=&#8221;none&#8221;][vc_column column_padding=&#8221;no-extra-padding&#8221; column_padding_position=&#8221;all&#8221; background_color_opacity=&#8221;1&#8243; background_hover_color_opacity=&#8221;1&#8243; column_link_target=&#8221;_self&#8221; column_shadow=&#8221;none&#8221; column_border_radius=&#8221;none&#8221; width=&#8221;1\/3&#8243; tablet_width_inherit=&#8221;default&#8221; tablet_text_alignment=&#8221;default&#8221; phone_text_alignment=&#8221;default&#8221; column_border_width=&#8221;none&#8221; column_border_style=&#8221;solid&#8221; bg_image_animation=&#8221;none&#8221;][\/vc_column][\/vc_row]\n","protected":false},"excerpt":{"rendered":"<p>[vc_row type=&#8221;in_container&#8221; full_screen_row_position=&#8221;middle&#8221; scene_position=&#8221;center&#8221; text_color=&#8221;dark&#8221; text_align=&#8221;left&#8221; overlay_strength=&#8221;0.3&#8243; shape_divider_position=&#8221;bottom&#8221; bg_image_animation=&#8221;none&#8221;][vc_column column_padding=&#8221;no-extra-padding&#8221; column_padding_position=&#8221;all&#8221; background_color_opacity=&#8221;1&#8243; background_hover_color_opacity=&#8221;1&#8243; column_link_target=&#8221;_self&#8221; column_shadow=&#8221;none&#8221; column_border_radius=&#8221;none&#8221; width=&#8221;1\/2&#8243; tablet_width_inherit=&#8221;default&#8221; tablet_text_alignment=&#8221;default&#8221; phone_text_alignment=&#8221;default&#8221; column_border_width=&#8221;none&#8221; column_border_style=&#8221;solid&#8221; bg_image_animation=&#8221;none&#8221;][vc_column_text] Recinto di stambecchi Uno sguardo da vicino ad un animale straordinario Nell\u2019area esterna del Bunker Mooseum un\u2019ampia zona recintata permette di osservare da vicino un gruppo di stambecchi. Questo particolare animale selvaggio&#8230;<\/p>\n","protected":false},"author":3,"featured_media":0,"parent":4906,"menu_order":0,"comment_status":"closed","ping_status":"closed","template":"","meta":{"footnotes":""},"class_list":["post-4927","page","type-page","status-publish"],"yoast_head":"<!-- This site is optimized with the Yoast SEO plugin v27.3 - https:\/\/yoast.com\/product\/yoast-seo-wordpress\/ -->\n<title>Recinto di stambecchi - MuseumHinterPasseier<\/title>\n<meta name=\"description\" content=\"Recinto di stambecchi Uno sguardo da vicino ad un animale straordinario Nell\u2019area esterna del Bunker Mooseum un\u2019ampia zona recintata permette di osservare\" \/>\n<meta name=\"robots\" content=\"index, follow, max-snippet:-1, max-image-preview:large, max-video-preview:-1\" \/>\n<link rel=\"canonical\" href=\"https:\/\/museum.hinterpasseier.it\/it\/le-strutture\/bunker-mooseum\/temi\/recinto-di-stambecchi\/\" \/>\n<meta property=\"og:locale\" content=\"it_IT\" \/>\n<meta property=\"og:type\" content=\"article\" \/>\n<meta property=\"og:title\" content=\"Recinto di stambecchi - MuseumHinterPasseier\" \/>\n<meta property=\"og:description\" content=\"Recinto di stambecchi Uno sguardo da vicino ad un animale straordinario Nell\u2019area esterna del Bunker Mooseum un\u2019ampia zona recintata permette di osservare\" \/>\n<meta property=\"og:url\" content=\"https:\/\/museum.hinterpasseier.it\/it\/le-strutture\/bunker-mooseum\/temi\/recinto-di-stambecchi\/\" \/>\n<meta property=\"og:site_name\" content=\"MuseumHinterPasseier\" \/>\n<meta property=\"article:publisher\" content=\"https:\/\/www.facebook.com\/museum.hinterpasseier\" \/>\n<meta property=\"article:modified_time\" content=\"2021-09-28T11:12:31+00:00\" \/>\n<meta property=\"og:image\" content=\"https:\/\/museum.hinterpasseier.it\/wordpress\/wp-content\/uploads\/2024\/06\/Glasturm-Bunker-aussen2-scaled.jpg\" \/>\n\t<meta property=\"og:image:width\" content=\"2048\" \/>\n\t<meta property=\"og:image:height\" content=\"1365\" \/>\n\t<meta property=\"og:image:type\" content=\"image\/jpeg\" \/>\n<meta name=\"twitter:card\" content=\"summary_large_image\" \/>\n<meta name=\"twitter:label1\" content=\"Tempo di lettura stimato\" \/>\n\t<meta name=\"twitter:data1\" content=\"2 minuti\" \/>\n<script type=\"application\/ld+json\" class=\"yoast-schema-graph\">{\"@context\":\"https:\\\/\\\/schema.org\",\"@graph\":[{\"@type\":\"WebPage\",\"@id\":\"https:\\\/\\\/museum.hinterpasseier.it\\\/it\\\/le-strutture\\\/bunker-mooseum\\\/temi\\\/recinto-di-stambecchi\\\/\",\"url\":\"https:\\\/\\\/museum.hinterpasseier.it\\\/it\\\/le-strutture\\\/bunker-mooseum\\\/temi\\\/recinto-di-stambecchi\\\/\",\"name\":\"Recinto di stambecchi - MuseumHinterPasseier\",\"isPartOf\":{\"@id\":\"https:\\\/\\\/museum.hinterpasseier.it\\\/it\\\/#website\"},\"datePublished\":\"2018-04-09T16:44:33+00:00\",\"dateModified\":\"2021-09-28T11:12:31+00:00\",\"description\":\"Recinto di stambecchi Uno sguardo da vicino ad un animale straordinario Nell\u2019area esterna del Bunker Mooseum un\u2019ampia zona recintata permette di osservare\",\"breadcrumb\":{\"@id\":\"https:\\\/\\\/museum.hinterpasseier.it\\\/it\\\/le-strutture\\\/bunker-mooseum\\\/temi\\\/recinto-di-stambecchi\\\/#breadcrumb\"},\"inLanguage\":\"it-IT\",\"potentialAction\":[{\"@type\":\"ReadAction\",\"target\":[\"https:\\\/\\\/museum.hinterpasseier.it\\\/it\\\/le-strutture\\\/bunker-mooseum\\\/temi\\\/recinto-di-stambecchi\\\/\"]}]},{\"@type\":\"BreadcrumbList\",\"@id\":\"https:\\\/\\\/museum.hinterpasseier.it\\\/it\\\/le-strutture\\\/bunker-mooseum\\\/temi\\\/recinto-di-stambecchi\\\/#breadcrumb\",\"itemListElement\":[{\"@type\":\"ListItem\",\"position\":1,\"name\":\"Home\",\"item\":\"https:\\\/\\\/museum.hinterpasseier.it\\\/it\\\/\"},{\"@type\":\"ListItem\",\"position\":2,\"name\":\"Le strutture\",\"item\":\"https:\\\/\\\/museum.hinterpasseier.it\\\/it\\\/le-strutture\\\/\"},{\"@type\":\"ListItem\",\"position\":3,\"name\":\"Bunker Mooseum\",\"item\":\"https:\\\/\\\/museum.hinterpasseier.it\\\/it\\\/le-strutture\\\/bunker-mooseum\\\/\"},{\"@type\":\"ListItem\",\"position\":4,\"name\":\"temi\",\"item\":\"https:\\\/\\\/museum.hinterpasseier.it\\\/it\\\/le-strutture\\\/bunker-mooseum\\\/temi\\\/\"},{\"@type\":\"ListItem\",\"position\":5,\"name\":\"Recinto di stambecchi\"}]},{\"@type\":\"WebSite\",\"@id\":\"https:\\\/\\\/museum.hinterpasseier.it\\\/it\\\/#website\",\"url\":\"https:\\\/\\\/museum.hinterpasseier.it\\\/it\\\/\",\"name\":\"MuseumHinterPasseier\",\"description\":\"Bunker Mooseum - Stieber Mooseum - Timmel_Transit\",\"publisher\":{\"@id\":\"https:\\\/\\\/museum.hinterpasseier.it\\\/it\\\/#organization\"},\"alternateName\":\"Bunker Mooseum\",\"potentialAction\":[{\"@type\":\"SearchAction\",\"target\":{\"@type\":\"EntryPoint\",\"urlTemplate\":\"https:\\\/\\\/museum.hinterpasseier.it\\\/it\\\/?s={search_term_string}\"},\"query-input\":{\"@type\":\"PropertyValueSpecification\",\"valueRequired\":true,\"valueName\":\"search_term_string\"}}],\"inLanguage\":\"it-IT\"},{\"@type\":\"Organization\",\"@id\":\"https:\\\/\\\/museum.hinterpasseier.it\\\/it\\\/#organization\",\"name\":\"MuseumHinterPasseier\",\"alternateName\":\"Bunker Mooseum\",\"url\":\"https:\\\/\\\/museum.hinterpasseier.it\\\/it\\\/\",\"logo\":{\"@type\":\"ImageObject\",\"inLanguage\":\"it-IT\",\"@id\":\"https:\\\/\\\/museum.hinterpasseier.it\\\/it\\\/#\\\/schema\\\/logo\\\/image\\\/\",\"url\":\"https:\\\/\\\/museum.hinterpasseier.it\\\/wordpress\\\/wp-content\\\/uploads\\\/2018\\\/03\\\/Logo-BunkerMooseum.png\",\"contentUrl\":\"https:\\\/\\\/museum.hinterpasseier.it\\\/wordpress\\\/wp-content\\\/uploads\\\/2018\\\/03\\\/Logo-BunkerMooseum.png\",\"width\":405,\"height\":484,\"caption\":\"MuseumHinterPasseier\"},\"image\":{\"@id\":\"https:\\\/\\\/museum.hinterpasseier.it\\\/it\\\/#\\\/schema\\\/logo\\\/image\\\/\"},\"sameAs\":[\"https:\\\/\\\/www.facebook.com\\\/museum.hinterpasseier\",\"https:\\\/\\\/www.instagram.com\\\/museumhinterpasseier\\\/\"]}]}<\/script>\n<!-- \/ Yoast SEO plugin. -->","yoast_head_json":{"title":"Recinto di stambecchi - MuseumHinterPasseier","description":"Recinto di stambecchi Uno sguardo da vicino ad un animale straordinario Nell\u2019area esterna del Bunker Mooseum un\u2019ampia zona recintata permette di osservare","robots":{"index":"index","follow":"follow","max-snippet":"max-snippet:-1","max-image-preview":"max-image-preview:large","max-video-preview":"max-video-preview:-1"},"canonical":"https:\/\/museum.hinterpasseier.it\/it\/le-strutture\/bunker-mooseum\/temi\/recinto-di-stambecchi\/","og_locale":"it_IT","og_type":"article","og_title":"Recinto di stambecchi - MuseumHinterPasseier","og_description":"Recinto di stambecchi Uno sguardo da vicino ad un animale straordinario Nell\u2019area esterna del Bunker Mooseum un\u2019ampia zona recintata permette di osservare","og_url":"https:\/\/museum.hinterpasseier.it\/it\/le-strutture\/bunker-mooseum\/temi\/recinto-di-stambecchi\/","og_site_name":"MuseumHinterPasseier","article_publisher":"https:\/\/www.facebook.com\/museum.hinterpasseier","article_modified_time":"2021-09-28T11:12:31+00:00","og_image":[{"width":2048,"height":1365,"url":"https:\/\/museum.hinterpasseier.it\/wordpress\/wp-content\/uploads\/2024\/06\/Glasturm-Bunker-aussen2-scaled.jpg","type":"image\/jpeg"}],"twitter_card":"summary_large_image","twitter_misc":{"Tempo di lettura stimato":"2 minuti"},"schema":{"@context":"https:\/\/schema.org","@graph":[{"@type":"WebPage","@id":"https:\/\/museum.hinterpasseier.it\/it\/le-strutture\/bunker-mooseum\/temi\/recinto-di-stambecchi\/","url":"https:\/\/museum.hinterpasseier.it\/it\/le-strutture\/bunker-mooseum\/temi\/recinto-di-stambecchi\/","name":"Recinto di stambecchi - MuseumHinterPasseier","isPartOf":{"@id":"https:\/\/museum.hinterpasseier.it\/it\/#website"},"datePublished":"2018-04-09T16:44:33+00:00","dateModified":"2021-09-28T11:12:31+00:00","description":"Recinto di stambecchi Uno sguardo da vicino ad un animale straordinario Nell\u2019area esterna del Bunker Mooseum un\u2019ampia zona recintata permette di osservare","breadcrumb":{"@id":"https:\/\/museum.hinterpasseier.it\/it\/le-strutture\/bunker-mooseum\/temi\/recinto-di-stambecchi\/#breadcrumb"},"inLanguage":"it-IT","potentialAction":[{"@type":"ReadAction","target":["https:\/\/museum.hinterpasseier.it\/it\/le-strutture\/bunker-mooseum\/temi\/recinto-di-stambecchi\/"]}]},{"@type":"BreadcrumbList","@id":"https:\/\/museum.hinterpasseier.it\/it\/le-strutture\/bunker-mooseum\/temi\/recinto-di-stambecchi\/#breadcrumb","itemListElement":[{"@type":"ListItem","position":1,"name":"Home","item":"https:\/\/museum.hinterpasseier.it\/it\/"},{"@type":"ListItem","position":2,"name":"Le strutture","item":"https:\/\/museum.hinterpasseier.it\/it\/le-strutture\/"},{"@type":"ListItem","position":3,"name":"Bunker Mooseum","item":"https:\/\/museum.hinterpasseier.it\/it\/le-strutture\/bunker-mooseum\/"},{"@type":"ListItem","position":4,"name":"temi","item":"https:\/\/museum.hinterpasseier.it\/it\/le-strutture\/bunker-mooseum\/temi\/"},{"@type":"ListItem","position":5,"name":"Recinto di stambecchi"}]},{"@type":"WebSite","@id":"https:\/\/museum.hinterpasseier.it\/it\/#website","url":"https:\/\/museum.hinterpasseier.it\/it\/","name":"MuseumHinterPasseier","description":"Bunker Mooseum - Stieber Mooseum - Timmel_Transit","publisher":{"@id":"https:\/\/museum.hinterpasseier.it\/it\/#organization"},"alternateName":"Bunker Mooseum","potentialAction":[{"@type":"SearchAction","target":{"@type":"EntryPoint","urlTemplate":"https:\/\/museum.hinterpasseier.it\/it\/?s={search_term_string}"},"query-input":{"@type":"PropertyValueSpecification","valueRequired":true,"valueName":"search_term_string"}}],"inLanguage":"it-IT"},{"@type":"Organization","@id":"https:\/\/museum.hinterpasseier.it\/it\/#organization","name":"MuseumHinterPasseier","alternateName":"Bunker Mooseum","url":"https:\/\/museum.hinterpasseier.it\/it\/","logo":{"@type":"ImageObject","inLanguage":"it-IT","@id":"https:\/\/museum.hinterpasseier.it\/it\/#\/schema\/logo\/image\/","url":"https:\/\/museum.hinterpasseier.it\/wordpress\/wp-content\/uploads\/2018\/03\/Logo-BunkerMooseum.png","contentUrl":"https:\/\/museum.hinterpasseier.it\/wordpress\/wp-content\/uploads\/2018\/03\/Logo-BunkerMooseum.png","width":405,"height":484,"caption":"MuseumHinterPasseier"},"image":{"@id":"https:\/\/museum.hinterpasseier.it\/it\/#\/schema\/logo\/image\/"},"sameAs":["https:\/\/www.facebook.com\/museum.hinterpasseier","https:\/\/www.instagram.com\/museumhinterpasseier\/"]}]}},"_links":{"self":[{"href":"https:\/\/museum.hinterpasseier.it\/it\/wp-json\/wp\/v2\/pages\/4927","targetHints":{"allow":["GET"]}}],"collection":[{"href":"https:\/\/museum.hinterpasseier.it\/it\/wp-json\/wp\/v2\/pages"}],"about":[{"href":"https:\/\/museum.hinterpasseier.it\/it\/wp-json\/wp\/v2\/types\/page"}],"author":[{"embeddable":true,"href":"https:\/\/museum.hinterpasseier.it\/it\/wp-json\/wp\/v2\/users\/3"}],"replies":[{"embeddable":true,"href":"https:\/\/museum.hinterpasseier.it\/it\/wp-json\/wp\/v2\/comments?post=4927"}],"version-history":[{"count":0,"href":"https:\/\/museum.hinterpasseier.it\/it\/wp-json\/wp\/v2\/pages\/4927\/revisions"}],"up":[{"embeddable":true,"href":"https:\/\/museum.hinterpasseier.it\/it\/wp-json\/wp\/v2\/pages\/4906"}],"wp:attachment":[{"href":"https:\/\/museum.hinterpasseier.it\/it\/wp-json\/wp\/v2\/media?parent=4927"}],"curies":[{"name":"wp","href":"https:\/\/api.w.org\/{rel}","templated":true}]}}