{"id":4638,"date":"2018-03-21T14:13:37","date_gmt":"2018-03-21T13:13:37","guid":{"rendered":"http:\/\/museum.hinterpasseier.it\/naturpark-texelgruppe\/"},"modified":"2021-09-28T12:55:45","modified_gmt":"2021-09-28T10:55:45","slug":"naturpark-texelgruppe","status":"publish","type":"page","link":"https:\/\/museum.hinterpasseier.it\/it\/le-strutture\/bunker-mooseum\/temi\/naturpark-texelgruppe\/","title":{"rendered":"Parco Naturale Gruppo di Tessa"},"content":{"rendered":"[vc_row type=&#8221;in_container&#8221; full_screen_row_position=&#8221;middle&#8221; scene_position=&#8221;center&#8221; text_color=&#8221;dark&#8221; text_align=&#8221;left&#8221; overlay_strength=&#8221;0.3&#8243;][vc_column column_padding=&#8221;no-extra-padding&#8221; column_padding_position=&#8221;all&#8221; background_color_opacity=&#8221;1&#8243; background_hover_color_opacity=&#8221;1&#8243; width=&#8221;1\/2&#8243; tablet_text_alignment=&#8221;default&#8221; phone_text_alignment=&#8221;default&#8221;][vc_column_text]\n<h3><strong><b>Il Parco Naturale Gruppo di Tessa<\/b><\/strong><\/h3>\n<p><strong><b>Dell\u2019acqua e della luce<\/b><\/strong><\/p>\n<p>Il piano interrato del Bunker Mooseum ospita una sala interamente dedicata al Parco Naturale Gruppo di Tessa. Nell\u2019area di ingresso si illustra lo straordinario paesaggio dell\u2019alta Val Passiria con scorci inattesi sul borgo di Moso e i suoi dintorni. Una presentazione del Parco Naturale Gruppo di Tessa con uno sguardo da vicino agli aspetti di interesse naturalistico risvegliano la curiosit\u00e0 e lo spirito esplorativo del visitatore.<br \/>\nQuello di Moso in Passiria \u00e8 il territorio comunale pi\u00f9 esteso fra i comuni che ricoprono il pi\u00f9 grande dei sette parchi naturali della provincia. Ad eccezione della localit\u00e0 di Stulles, tutte le frazioni del comune di Moso si trovano nel Parco Naturale Gruppo di Tessa.<br \/>\nUn plastico accurato, le immagini spettacolari e un particolare filmato invogliano a visitare il parco in un\u2019escursione per scoprirne gli angoli pi\u00f9 belli.<\/p>\n<p>Maggiori informazioni:\u00a0<a href=\"http:\/\/parchi-naturali.provincia.bz.it\/default.asp\" target=\"_blank\" rel=\"noopener\"><strong><u><b>Ufficio parchi naturali<\/b><\/u><\/strong><\/a><br \/>\n[\/vc_column_text][\/vc_column][vc_column column_padding=&#8221;no-extra-padding&#8221; column_padding_position=&#8221;all&#8221; background_color_opacity=&#8221;1&#8243; background_hover_color_opacity=&#8221;1&#8243; width=&#8221;1\/2&#8243; tablet_text_alignment=&#8221;default&#8221; phone_text_alignment=&#8221;default&#8221;][vc_gallery type=&#8221;flexslider_style&#8221; images=&#8221;2919,2925,2920&#8243; onclick=&#8221;link_no&#8221; img_size=&#8221;full&#8221;][\/vc_column][\/vc_row]\n","protected":false},"excerpt":{"rendered":"<p>[vc_row type=&#8221;in_container&#8221; full_screen_row_position=&#8221;middle&#8221; scene_position=&#8221;center&#8221; text_color=&#8221;dark&#8221; text_align=&#8221;left&#8221; overlay_strength=&#8221;0.3&#8243;][vc_column column_padding=&#8221;no-extra-padding&#8221; column_padding_position=&#8221;all&#8221; background_color_opacity=&#8221;1&#8243; background_hover_color_opacity=&#8221;1&#8243; width=&#8221;1\/2&#8243; tablet_text_alignment=&#8221;default&#8221; phone_text_alignment=&#8221;default&#8221;][vc_column_text] Il Parco Naturale Gruppo di Tessa Dell\u2019acqua e della luce Il piano interrato del Bunker Mooseum ospita una sala interamente dedicata al Parco Naturale Gruppo di Tessa. Nell\u2019area di ingresso si illustra lo straordinario paesaggio dell\u2019alta Val Passiria con scorci inattesi&#8230;<\/p>\n","protected":false},"author":3,"featured_media":0,"parent":4906,"menu_order":0,"comment_status":"closed","ping_status":"closed","template":"","meta":{"footnotes":""},"class_list":["post-4638","page","type-page","status-publish"],"yoast_head":"<!-- This site is optimized with the Yoast SEO plugin v27.3 - https:\/\/yoast.com\/product\/yoast-seo-wordpress\/ -->\n<title>Parco Naturale Gruppo di Tessa - MuseumHinterPasseier<\/title>\n<meta name=\"description\" content=\"Il Parco Naturale Gruppo di Tessa Dell\u2019acqua e della luce Il piano interrato del Bunker Mooseum ospita una sala interamente dedicata al Parco Naturale\" \/>\n<meta name=\"robots\" content=\"index, follow, max-snippet:-1, max-image-preview:large, max-video-preview:-1\" \/>\n<link rel=\"canonical\" href=\"https:\/\/museum.hinterpasseier.it\/it\/le-strutture\/bunker-mooseum\/temi\/naturpark-texelgruppe\/\" \/>\n<meta property=\"og:locale\" content=\"it_IT\" \/>\n<meta property=\"og:type\" content=\"article\" \/>\n<meta property=\"og:title\" content=\"Parco Naturale Gruppo di Tessa - MuseumHinterPasseier\" \/>\n<meta property=\"og:description\" content=\"Il Parco Naturale Gruppo di Tessa Dell\u2019acqua e della luce Il piano interrato del Bunker Mooseum ospita una sala interamente dedicata al Parco Naturale\" \/>\n<meta property=\"og:url\" content=\"https:\/\/museum.hinterpasseier.it\/it\/le-strutture\/bunker-mooseum\/temi\/naturpark-texelgruppe\/\" \/>\n<meta property=\"og:site_name\" content=\"MuseumHinterPasseier\" \/>\n<meta property=\"article:publisher\" content=\"https:\/\/www.facebook.com\/museum.hinterpasseier\" \/>\n<meta property=\"article:modified_time\" content=\"2021-09-28T10:55:45+00:00\" \/>\n<meta property=\"og:image\" content=\"https:\/\/museum.hinterpasseier.it\/wordpress\/wp-content\/uploads\/2024\/06\/Glasturm-Bunker-aussen2-scaled.jpg\" \/>\n\t<meta property=\"og:image:width\" content=\"2048\" \/>\n\t<meta property=\"og:image:height\" content=\"1365\" \/>\n\t<meta property=\"og:image:type\" content=\"image\/jpeg\" \/>\n<meta name=\"twitter:card\" content=\"summary_large_image\" \/>\n<meta name=\"twitter:label1\" content=\"Tempo di lettura stimato\" \/>\n\t<meta name=\"twitter:data1\" content=\"1 minuto\" \/>\n<script type=\"application\/ld+json\" class=\"yoast-schema-graph\">{\"@context\":\"https:\\\/\\\/schema.org\",\"@graph\":[{\"@type\":\"WebPage\",\"@id\":\"https:\\\/\\\/museum.hinterpasseier.it\\\/it\\\/le-strutture\\\/bunker-mooseum\\\/temi\\\/naturpark-texelgruppe\\\/\",\"url\":\"https:\\\/\\\/museum.hinterpasseier.it\\\/it\\\/le-strutture\\\/bunker-mooseum\\\/temi\\\/naturpark-texelgruppe\\\/\",\"name\":\"Parco Naturale Gruppo di Tessa - MuseumHinterPasseier\",\"isPartOf\":{\"@id\":\"https:\\\/\\\/museum.hinterpasseier.it\\\/it\\\/#website\"},\"datePublished\":\"2018-03-21T13:13:37+00:00\",\"dateModified\":\"2021-09-28T10:55:45+00:00\",\"description\":\"Il Parco Naturale Gruppo di Tessa Dell\u2019acqua e della luce Il piano interrato del Bunker Mooseum ospita una sala interamente dedicata al Parco Naturale\",\"breadcrumb\":{\"@id\":\"https:\\\/\\\/museum.hinterpasseier.it\\\/it\\\/le-strutture\\\/bunker-mooseum\\\/temi\\\/naturpark-texelgruppe\\\/#breadcrumb\"},\"inLanguage\":\"it-IT\",\"potentialAction\":[{\"@type\":\"ReadAction\",\"target\":[\"https:\\\/\\\/museum.hinterpasseier.it\\\/it\\\/le-strutture\\\/bunker-mooseum\\\/temi\\\/naturpark-texelgruppe\\\/\"]}]},{\"@type\":\"BreadcrumbList\",\"@id\":\"https:\\\/\\\/museum.hinterpasseier.it\\\/it\\\/le-strutture\\\/bunker-mooseum\\\/temi\\\/naturpark-texelgruppe\\\/#breadcrumb\",\"itemListElement\":[{\"@type\":\"ListItem\",\"position\":1,\"name\":\"Home\",\"item\":\"https:\\\/\\\/museum.hinterpasseier.it\\\/it\\\/\"},{\"@type\":\"ListItem\",\"position\":2,\"name\":\"Le strutture\",\"item\":\"https:\\\/\\\/museum.hinterpasseier.it\\\/it\\\/le-strutture\\\/\"},{\"@type\":\"ListItem\",\"position\":3,\"name\":\"Bunker Mooseum\",\"item\":\"https:\\\/\\\/museum.hinterpasseier.it\\\/it\\\/le-strutture\\\/bunker-mooseum\\\/\"},{\"@type\":\"ListItem\",\"position\":4,\"name\":\"temi\",\"item\":\"https:\\\/\\\/museum.hinterpasseier.it\\\/it\\\/le-strutture\\\/bunker-mooseum\\\/temi\\\/\"},{\"@type\":\"ListItem\",\"position\":5,\"name\":\"Parco Naturale Gruppo di Tessa\"}]},{\"@type\":\"WebSite\",\"@id\":\"https:\\\/\\\/museum.hinterpasseier.it\\\/it\\\/#website\",\"url\":\"https:\\\/\\\/museum.hinterpasseier.it\\\/it\\\/\",\"name\":\"MuseumHinterPasseier\",\"description\":\"Bunker Mooseum - Stieber Mooseum - Timmel_Transit\",\"publisher\":{\"@id\":\"https:\\\/\\\/museum.hinterpasseier.it\\\/it\\\/#organization\"},\"alternateName\":\"Bunker Mooseum\",\"potentialAction\":[{\"@type\":\"SearchAction\",\"target\":{\"@type\":\"EntryPoint\",\"urlTemplate\":\"https:\\\/\\\/museum.hinterpasseier.it\\\/it\\\/?s={search_term_string}\"},\"query-input\":{\"@type\":\"PropertyValueSpecification\",\"valueRequired\":true,\"valueName\":\"search_term_string\"}}],\"inLanguage\":\"it-IT\"},{\"@type\":\"Organization\",\"@id\":\"https:\\\/\\\/museum.hinterpasseier.it\\\/it\\\/#organization\",\"name\":\"MuseumHinterPasseier\",\"alternateName\":\"Bunker Mooseum\",\"url\":\"https:\\\/\\\/museum.hinterpasseier.it\\\/it\\\/\",\"logo\":{\"@type\":\"ImageObject\",\"inLanguage\":\"it-IT\",\"@id\":\"https:\\\/\\\/museum.hinterpasseier.it\\\/it\\\/#\\\/schema\\\/logo\\\/image\\\/\",\"url\":\"https:\\\/\\\/museum.hinterpasseier.it\\\/wordpress\\\/wp-content\\\/uploads\\\/2018\\\/03\\\/Logo-BunkerMooseum.png\",\"contentUrl\":\"https:\\\/\\\/museum.hinterpasseier.it\\\/wordpress\\\/wp-content\\\/uploads\\\/2018\\\/03\\\/Logo-BunkerMooseum.png\",\"width\":405,\"height\":484,\"caption\":\"MuseumHinterPasseier\"},\"image\":{\"@id\":\"https:\\\/\\\/museum.hinterpasseier.it\\\/it\\\/#\\\/schema\\\/logo\\\/image\\\/\"},\"sameAs\":[\"https:\\\/\\\/www.facebook.com\\\/museum.hinterpasseier\",\"https:\\\/\\\/www.instagram.com\\\/museumhinterpasseier\\\/\"]}]}<\/script>\n<!-- \/ Yoast SEO plugin. -->","yoast_head_json":{"title":"Parco Naturale Gruppo di Tessa - MuseumHinterPasseier","description":"Il Parco Naturale Gruppo di Tessa Dell\u2019acqua e della luce Il piano interrato del Bunker Mooseum ospita una sala interamente dedicata al Parco Naturale","robots":{"index":"index","follow":"follow","max-snippet":"max-snippet:-1","max-image-preview":"max-image-preview:large","max-video-preview":"max-video-preview:-1"},"canonical":"https:\/\/museum.hinterpasseier.it\/it\/le-strutture\/bunker-mooseum\/temi\/naturpark-texelgruppe\/","og_locale":"it_IT","og_type":"article","og_title":"Parco Naturale Gruppo di Tessa - MuseumHinterPasseier","og_description":"Il Parco Naturale Gruppo di Tessa Dell\u2019acqua e della luce Il piano interrato del Bunker Mooseum ospita una sala interamente dedicata al Parco Naturale","og_url":"https:\/\/museum.hinterpasseier.it\/it\/le-strutture\/bunker-mooseum\/temi\/naturpark-texelgruppe\/","og_site_name":"MuseumHinterPasseier","article_publisher":"https:\/\/www.facebook.com\/museum.hinterpasseier","article_modified_time":"2021-09-28T10:55:45+00:00","og_image":[{"width":2048,"height":1365,"url":"https:\/\/museum.hinterpasseier.it\/wordpress\/wp-content\/uploads\/2024\/06\/Glasturm-Bunker-aussen2-scaled.jpg","type":"image\/jpeg"}],"twitter_card":"summary_large_image","twitter_misc":{"Tempo di lettura stimato":"1 minuto"},"schema":{"@context":"https:\/\/schema.org","@graph":[{"@type":"WebPage","@id":"https:\/\/museum.hinterpasseier.it\/it\/le-strutture\/bunker-mooseum\/temi\/naturpark-texelgruppe\/","url":"https:\/\/museum.hinterpasseier.it\/it\/le-strutture\/bunker-mooseum\/temi\/naturpark-texelgruppe\/","name":"Parco Naturale Gruppo di Tessa - MuseumHinterPasseier","isPartOf":{"@id":"https:\/\/museum.hinterpasseier.it\/it\/#website"},"datePublished":"2018-03-21T13:13:37+00:00","dateModified":"2021-09-28T10:55:45+00:00","description":"Il Parco Naturale Gruppo di Tessa Dell\u2019acqua e della luce Il piano interrato del Bunker Mooseum ospita una sala interamente dedicata al Parco Naturale","breadcrumb":{"@id":"https:\/\/museum.hinterpasseier.it\/it\/le-strutture\/bunker-mooseum\/temi\/naturpark-texelgruppe\/#breadcrumb"},"inLanguage":"it-IT","potentialAction":[{"@type":"ReadAction","target":["https:\/\/museum.hinterpasseier.it\/it\/le-strutture\/bunker-mooseum\/temi\/naturpark-texelgruppe\/"]}]},{"@type":"BreadcrumbList","@id":"https:\/\/museum.hinterpasseier.it\/it\/le-strutture\/bunker-mooseum\/temi\/naturpark-texelgruppe\/#breadcrumb","itemListElement":[{"@type":"ListItem","position":1,"name":"Home","item":"https:\/\/museum.hinterpasseier.it\/it\/"},{"@type":"ListItem","position":2,"name":"Le strutture","item":"https:\/\/museum.hinterpasseier.it\/it\/le-strutture\/"},{"@type":"ListItem","position":3,"name":"Bunker Mooseum","item":"https:\/\/museum.hinterpasseier.it\/it\/le-strutture\/bunker-mooseum\/"},{"@type":"ListItem","position":4,"name":"temi","item":"https:\/\/museum.hinterpasseier.it\/it\/le-strutture\/bunker-mooseum\/temi\/"},{"@type":"ListItem","position":5,"name":"Parco Naturale Gruppo di Tessa"}]},{"@type":"WebSite","@id":"https:\/\/museum.hinterpasseier.it\/it\/#website","url":"https:\/\/museum.hinterpasseier.it\/it\/","name":"MuseumHinterPasseier","description":"Bunker Mooseum - Stieber Mooseum - Timmel_Transit","publisher":{"@id":"https:\/\/museum.hinterpasseier.it\/it\/#organization"},"alternateName":"Bunker Mooseum","potentialAction":[{"@type":"SearchAction","target":{"@type":"EntryPoint","urlTemplate":"https:\/\/museum.hinterpasseier.it\/it\/?s={search_term_string}"},"query-input":{"@type":"PropertyValueSpecification","valueRequired":true,"valueName":"search_term_string"}}],"inLanguage":"it-IT"},{"@type":"Organization","@id":"https:\/\/museum.hinterpasseier.it\/it\/#organization","name":"MuseumHinterPasseier","alternateName":"Bunker Mooseum","url":"https:\/\/museum.hinterpasseier.it\/it\/","logo":{"@type":"ImageObject","inLanguage":"it-IT","@id":"https:\/\/museum.hinterpasseier.it\/it\/#\/schema\/logo\/image\/","url":"https:\/\/museum.hinterpasseier.it\/wordpress\/wp-content\/uploads\/2018\/03\/Logo-BunkerMooseum.png","contentUrl":"https:\/\/museum.hinterpasseier.it\/wordpress\/wp-content\/uploads\/2018\/03\/Logo-BunkerMooseum.png","width":405,"height":484,"caption":"MuseumHinterPasseier"},"image":{"@id":"https:\/\/museum.hinterpasseier.it\/it\/#\/schema\/logo\/image\/"},"sameAs":["https:\/\/www.facebook.com\/museum.hinterpasseier","https:\/\/www.instagram.com\/museumhinterpasseier\/"]}]}},"_links":{"self":[{"href":"https:\/\/museum.hinterpasseier.it\/it\/wp-json\/wp\/v2\/pages\/4638","targetHints":{"allow":["GET"]}}],"collection":[{"href":"https:\/\/museum.hinterpasseier.it\/it\/wp-json\/wp\/v2\/pages"}],"about":[{"href":"https:\/\/museum.hinterpasseier.it\/it\/wp-json\/wp\/v2\/types\/page"}],"author":[{"embeddable":true,"href":"https:\/\/museum.hinterpasseier.it\/it\/wp-json\/wp\/v2\/users\/3"}],"replies":[{"embeddable":true,"href":"https:\/\/museum.hinterpasseier.it\/it\/wp-json\/wp\/v2\/comments?post=4638"}],"version-history":[{"count":0,"href":"https:\/\/museum.hinterpasseier.it\/it\/wp-json\/wp\/v2\/pages\/4638\/revisions"}],"up":[{"embeddable":true,"href":"https:\/\/museum.hinterpasseier.it\/it\/wp-json\/wp\/v2\/pages\/4906"}],"wp:attachment":[{"href":"https:\/\/museum.hinterpasseier.it\/it\/wp-json\/wp\/v2\/media?parent=4638"}],"curies":[{"name":"wp","href":"https:\/\/api.w.org\/{rel}","templated":true}]}}