{"id":13449,"date":"2025-03-31T09:24:03","date_gmt":"2025-03-31T07:24:03","guid":{"rendered":"https:\/\/museum.hinterpasseier.it\/visita\/"},"modified":"2025-03-31T09:24:03","modified_gmt":"2025-03-31T07:24:03","slug":"visita","status":"publish","type":"page","link":"https:\/\/museum.hinterpasseier.it\/it\/visita\/","title":{"rendered":"Visita"},"content":{"rendered":"<h1>MuseoAltaPassiria<\/h1>\n<hr \/>\n<p>Von 01.04.-31.10:<\/p>\n<p>Dienstag bis Sonntag 10.00 Uhr &#8211; 17.00 Uhr (16.00 Uhr letzter Einlass)<\/p>\n<p>Montag Ruhetag<\/p>\n<p>Gruppen auf Anfrage. F\u00fcr Gruppen und Schulklassen gegen Voranmeldung auch an den Schlie\u00dftagen ge\u00f6ffnet.<\/p>\n<p><strong>Begehung nur mit<\/strong>\u00a0<strong>festem Schuhwerk! Bei Regenwetter Regenschutz erforderlich.<\/strong><\/p>\n<p><strong>HUNDE SIND NICHT ERLAUBT\u00a0 | RAUCHEN VERBOTEN | ACHTUNG VIDEO\u00dcBERWACHTE ZONE<\/strong><\/p>\n<p>Das MuseumHinterPasseier verwendet die Kameras f\u00fcr die rechtm\u00e4\u00dfige \u00dcberwachung der Zug\u00e4nge und eventueller unrechtm\u00e4\u00dfiger Vorg\u00e4nge. Die aufgezeichneten Bilder werden innerhalb der gesetzlichen Frist gel\u00f6scht und k\u00f6nnen nur\u00a0 vom beauftragten Personal der Gerichts- oder Polizeibeh\u00f6rde bzw. vom spezialisierten Personal zur \u00dcberpr\u00fcfung der Funktion des Systems eingesehen werden. Wer das Museum betritt, stimmt der Aufzeichnung zu und hat das Recht, den Zugriff, die L\u00f6schung usw. derselben zu beantragen, indem er sich an das Museumspersonal wendet (Art. 7, G.v.D. 196\/2003).<\/p>\n<h3>TICKETS<\/h3>\n<p><strong>Stieber Mooseum &#8211; Freier Eintritt<\/strong><\/p>\n<p><strong>Timmel_Transit &#8211; Freier Eintritt<\/strong><\/p>\n<p><strong>Bunker Mooseum:<\/strong><\/p>\n<p class=\"\"><span class=\"sqsrte-text-color--black\"><strong>Freier Eintritt\u00a0<\/strong>(Jugend (0 \u2013 18)<\/span><strong><br \/>\n<\/strong>Bei Vorlage von<br \/>\nPasseiertal Premium Card, Member Card ICOM, Ausweis Museumsverband S\u00fcdtirol.<\/p>\n<p><strong>Regul\u00e4r<br \/>\n<\/strong><strong>12 EUR<\/strong><\/p>\n<p class=\" accordion-item__title-wrapper \" role=\"heading\" aria-level=\"3\"><strong>Reduziert\u00a0<\/strong>(Senior*innen 65+, Student*innen, Menschen mit Beeintr\u00e4chtigung)<strong><br \/>\n<\/strong><strong>10 EUR<\/strong><\/p>\n<div id=\"dropdown-block-yui_3_17_2_1_1642515115524_34000-0\" class=\"accordion-item__dropdown accordion-item__dropdown--open\" role=\"region\" aria-labelledby=\"button-block-yui_3_17_2_1_1642515115524_34000-0\">\n<div class=\" accordion-item__description \">\n<p><strong>Gruppen (ab 10 zahlenden Besucher*innen)<br \/>\n7 \u20ac pro Person<br \/>\n<\/strong><\/p>\n<p><strong>50\u20ac F\u00fchrungspauschale pro gef\u00fchrte Gruppe (maximale Gruppengr\u00f6\u00dfe 25 Personen)<\/strong><\/p>\n<p><strong>Schulklassen (gef\u00fchrtes Programm)<br \/>\n5\u20ac pro Sch\u00fcler<\/strong><\/p>\n<p><strong>Kombiticket (MuseumHinterPasseier + MuseumPasseier)<br \/>\n14\u20ac Einzelticket<\/strong><\/p>\n<\/div>\n<\/div>\n","protected":false},"excerpt":{"rendered":"<p>MuseoAltaPassiria Von 01.04.-31.10: Dienstag bis Sonntag 10.00 Uhr &#8211; 17.00 Uhr (16.00 Uhr letzter Einlass) Montag Ruhetag Gruppen auf Anfrage. F\u00fcr Gruppen und Schulklassen gegen Voranmeldung auch an den Schlie\u00dftagen ge\u00f6ffnet. Begehung nur mit\u00a0festem Schuhwerk! Bei Regenwetter Regenschutz erforderlich. HUNDE SIND NICHT ERLAUBT\u00a0 | RAUCHEN VERBOTEN | ACHTUNG VIDEO\u00dcBERWACHTE ZONE Das MuseumHinterPasseier verwendet die Kameras&#8230;<\/p>\n","protected":false},"author":5,"featured_media":0,"parent":0,"menu_order":0,"comment_status":"closed","ping_status":"closed","template":"","meta":{"footnotes":""},"class_list":["post-13449","page","type-page","status-publish"],"yoast_head":"<!-- This site is optimized with the Yoast SEO plugin v27.3 - https:\/\/yoast.com\/product\/yoast-seo-wordpress\/ -->\n<title>Visita - MuseumHinterPasseier<\/title>\n<meta name=\"description\" content=\"MuseoAltaPassiria Von 01.04.-31.10: Dienstag bis Sonntag 10.00 Uhr - 17.00 Uhr (16.00 Uhr letzter Einlass) Montag Ruhetag Gruppen auf Anfrage. F\u00fcr Gruppen\" \/>\n<meta name=\"robots\" content=\"index, follow, max-snippet:-1, max-image-preview:large, max-video-preview:-1\" \/>\n<link rel=\"canonical\" href=\"https:\/\/museum.hinterpasseier.it\/it\/visita\/\" \/>\n<meta property=\"og:locale\" content=\"it_IT\" \/>\n<meta property=\"og:type\" content=\"article\" \/>\n<meta property=\"og:title\" content=\"Visita - MuseumHinterPasseier\" \/>\n<meta property=\"og:description\" content=\"MuseoAltaPassiria Von 01.04.-31.10: Dienstag bis Sonntag 10.00 Uhr - 17.00 Uhr (16.00 Uhr letzter Einlass) Montag Ruhetag Gruppen auf Anfrage. F\u00fcr Gruppen\" \/>\n<meta property=\"og:url\" content=\"https:\/\/museum.hinterpasseier.it\/it\/visita\/\" \/>\n<meta property=\"og:site_name\" content=\"MuseumHinterPasseier\" \/>\n<meta property=\"article:publisher\" content=\"https:\/\/www.facebook.com\/museum.hinterpasseier\" \/>\n<meta property=\"og:image\" content=\"https:\/\/museum.hinterpasseier.it\/wordpress\/wp-content\/uploads\/2024\/06\/Glasturm-Bunker-aussen2-scaled.jpg\" \/>\n\t<meta property=\"og:image:width\" content=\"2048\" \/>\n\t<meta property=\"og:image:height\" content=\"1365\" \/>\n\t<meta property=\"og:image:type\" content=\"image\/jpeg\" \/>\n<meta name=\"twitter:card\" content=\"summary_large_image\" \/>\n<meta name=\"twitter:label1\" content=\"Tempo di lettura stimato\" \/>\n\t<meta name=\"twitter:data1\" content=\"1 minuto\" \/>\n<script type=\"application\/ld+json\" class=\"yoast-schema-graph\">{\"@context\":\"https:\\\/\\\/schema.org\",\"@graph\":[{\"@type\":\"WebPage\",\"@id\":\"https:\\\/\\\/museum.hinterpasseier.it\\\/it\\\/visita\\\/\",\"url\":\"https:\\\/\\\/museum.hinterpasseier.it\\\/it\\\/visita\\\/\",\"name\":\"Visita - MuseumHinterPasseier\",\"isPartOf\":{\"@id\":\"https:\\\/\\\/museum.hinterpasseier.it\\\/it\\\/#website\"},\"datePublished\":\"2025-03-31T07:24:03+00:00\",\"description\":\"MuseoAltaPassiria Von 01.04.-31.10: Dienstag bis Sonntag 10.00 Uhr - 17.00 Uhr (16.00 Uhr letzter Einlass) Montag Ruhetag Gruppen auf Anfrage. F\u00fcr Gruppen\",\"breadcrumb\":{\"@id\":\"https:\\\/\\\/museum.hinterpasseier.it\\\/it\\\/visita\\\/#breadcrumb\"},\"inLanguage\":\"it-IT\",\"potentialAction\":[{\"@type\":\"ReadAction\",\"target\":[\"https:\\\/\\\/museum.hinterpasseier.it\\\/it\\\/visita\\\/\"]}]},{\"@type\":\"BreadcrumbList\",\"@id\":\"https:\\\/\\\/museum.hinterpasseier.it\\\/it\\\/visita\\\/#breadcrumb\",\"itemListElement\":[{\"@type\":\"ListItem\",\"position\":1,\"name\":\"Home\",\"item\":\"https:\\\/\\\/museum.hinterpasseier.it\\\/it\\\/\"},{\"@type\":\"ListItem\",\"position\":2,\"name\":\"Visita\"}]},{\"@type\":\"WebSite\",\"@id\":\"https:\\\/\\\/museum.hinterpasseier.it\\\/it\\\/#website\",\"url\":\"https:\\\/\\\/museum.hinterpasseier.it\\\/it\\\/\",\"name\":\"MuseumHinterPasseier\",\"description\":\"Bunker Mooseum - Stieber Mooseum - Timmel_Transit\",\"publisher\":{\"@id\":\"https:\\\/\\\/museum.hinterpasseier.it\\\/it\\\/#organization\"},\"alternateName\":\"Bunker Mooseum\",\"potentialAction\":[{\"@type\":\"SearchAction\",\"target\":{\"@type\":\"EntryPoint\",\"urlTemplate\":\"https:\\\/\\\/museum.hinterpasseier.it\\\/it\\\/?s={search_term_string}\"},\"query-input\":{\"@type\":\"PropertyValueSpecification\",\"valueRequired\":true,\"valueName\":\"search_term_string\"}}],\"inLanguage\":\"it-IT\"},{\"@type\":\"Organization\",\"@id\":\"https:\\\/\\\/museum.hinterpasseier.it\\\/it\\\/#organization\",\"name\":\"MuseumHinterPasseier\",\"alternateName\":\"Bunker Mooseum\",\"url\":\"https:\\\/\\\/museum.hinterpasseier.it\\\/it\\\/\",\"logo\":{\"@type\":\"ImageObject\",\"inLanguage\":\"it-IT\",\"@id\":\"https:\\\/\\\/museum.hinterpasseier.it\\\/it\\\/#\\\/schema\\\/logo\\\/image\\\/\",\"url\":\"https:\\\/\\\/museum.hinterpasseier.it\\\/wordpress\\\/wp-content\\\/uploads\\\/2018\\\/03\\\/Logo-BunkerMooseum.png\",\"contentUrl\":\"https:\\\/\\\/museum.hinterpasseier.it\\\/wordpress\\\/wp-content\\\/uploads\\\/2018\\\/03\\\/Logo-BunkerMooseum.png\",\"width\":405,\"height\":484,\"caption\":\"MuseumHinterPasseier\"},\"image\":{\"@id\":\"https:\\\/\\\/museum.hinterpasseier.it\\\/it\\\/#\\\/schema\\\/logo\\\/image\\\/\"},\"sameAs\":[\"https:\\\/\\\/www.facebook.com\\\/museum.hinterpasseier\",\"https:\\\/\\\/www.instagram.com\\\/museumhinterpasseier\\\/\"]}]}<\/script>\n<!-- \/ Yoast SEO plugin. -->","yoast_head_json":{"title":"Visita - MuseumHinterPasseier","description":"MuseoAltaPassiria Von 01.04.-31.10: Dienstag bis Sonntag 10.00 Uhr - 17.00 Uhr (16.00 Uhr letzter Einlass) Montag Ruhetag Gruppen auf Anfrage. F\u00fcr Gruppen","robots":{"index":"index","follow":"follow","max-snippet":"max-snippet:-1","max-image-preview":"max-image-preview:large","max-video-preview":"max-video-preview:-1"},"canonical":"https:\/\/museum.hinterpasseier.it\/it\/visita\/","og_locale":"it_IT","og_type":"article","og_title":"Visita - MuseumHinterPasseier","og_description":"MuseoAltaPassiria Von 01.04.-31.10: Dienstag bis Sonntag 10.00 Uhr - 17.00 Uhr (16.00 Uhr letzter Einlass) Montag Ruhetag Gruppen auf Anfrage. F\u00fcr Gruppen","og_url":"https:\/\/museum.hinterpasseier.it\/it\/visita\/","og_site_name":"MuseumHinterPasseier","article_publisher":"https:\/\/www.facebook.com\/museum.hinterpasseier","og_image":[{"width":2048,"height":1365,"url":"https:\/\/museum.hinterpasseier.it\/wordpress\/wp-content\/uploads\/2024\/06\/Glasturm-Bunker-aussen2-scaled.jpg","type":"image\/jpeg"}],"twitter_card":"summary_large_image","twitter_misc":{"Tempo di lettura stimato":"1 minuto"},"schema":{"@context":"https:\/\/schema.org","@graph":[{"@type":"WebPage","@id":"https:\/\/museum.hinterpasseier.it\/it\/visita\/","url":"https:\/\/museum.hinterpasseier.it\/it\/visita\/","name":"Visita - MuseumHinterPasseier","isPartOf":{"@id":"https:\/\/museum.hinterpasseier.it\/it\/#website"},"datePublished":"2025-03-31T07:24:03+00:00","description":"MuseoAltaPassiria Von 01.04.-31.10: Dienstag bis Sonntag 10.00 Uhr - 17.00 Uhr (16.00 Uhr letzter Einlass) Montag Ruhetag Gruppen auf Anfrage. F\u00fcr Gruppen","breadcrumb":{"@id":"https:\/\/museum.hinterpasseier.it\/it\/visita\/#breadcrumb"},"inLanguage":"it-IT","potentialAction":[{"@type":"ReadAction","target":["https:\/\/museum.hinterpasseier.it\/it\/visita\/"]}]},{"@type":"BreadcrumbList","@id":"https:\/\/museum.hinterpasseier.it\/it\/visita\/#breadcrumb","itemListElement":[{"@type":"ListItem","position":1,"name":"Home","item":"https:\/\/museum.hinterpasseier.it\/it\/"},{"@type":"ListItem","position":2,"name":"Visita"}]},{"@type":"WebSite","@id":"https:\/\/museum.hinterpasseier.it\/it\/#website","url":"https:\/\/museum.hinterpasseier.it\/it\/","name":"MuseumHinterPasseier","description":"Bunker Mooseum - Stieber Mooseum - Timmel_Transit","publisher":{"@id":"https:\/\/museum.hinterpasseier.it\/it\/#organization"},"alternateName":"Bunker Mooseum","potentialAction":[{"@type":"SearchAction","target":{"@type":"EntryPoint","urlTemplate":"https:\/\/museum.hinterpasseier.it\/it\/?s={search_term_string}"},"query-input":{"@type":"PropertyValueSpecification","valueRequired":true,"valueName":"search_term_string"}}],"inLanguage":"it-IT"},{"@type":"Organization","@id":"https:\/\/museum.hinterpasseier.it\/it\/#organization","name":"MuseumHinterPasseier","alternateName":"Bunker Mooseum","url":"https:\/\/museum.hinterpasseier.it\/it\/","logo":{"@type":"ImageObject","inLanguage":"it-IT","@id":"https:\/\/museum.hinterpasseier.it\/it\/#\/schema\/logo\/image\/","url":"https:\/\/museum.hinterpasseier.it\/wordpress\/wp-content\/uploads\/2018\/03\/Logo-BunkerMooseum.png","contentUrl":"https:\/\/museum.hinterpasseier.it\/wordpress\/wp-content\/uploads\/2018\/03\/Logo-BunkerMooseum.png","width":405,"height":484,"caption":"MuseumHinterPasseier"},"image":{"@id":"https:\/\/museum.hinterpasseier.it\/it\/#\/schema\/logo\/image\/"},"sameAs":["https:\/\/www.facebook.com\/museum.hinterpasseier","https:\/\/www.instagram.com\/museumhinterpasseier\/"]}]}},"_links":{"self":[{"href":"https:\/\/museum.hinterpasseier.it\/it\/wp-json\/wp\/v2\/pages\/13449","targetHints":{"allow":["GET"]}}],"collection":[{"href":"https:\/\/museum.hinterpasseier.it\/it\/wp-json\/wp\/v2\/pages"}],"about":[{"href":"https:\/\/museum.hinterpasseier.it\/it\/wp-json\/wp\/v2\/types\/page"}],"author":[{"embeddable":true,"href":"https:\/\/museum.hinterpasseier.it\/it\/wp-json\/wp\/v2\/users\/5"}],"replies":[{"embeddable":true,"href":"https:\/\/museum.hinterpasseier.it\/it\/wp-json\/wp\/v2\/comments?post=13449"}],"version-history":[{"count":0,"href":"https:\/\/museum.hinterpasseier.it\/it\/wp-json\/wp\/v2\/pages\/13449\/revisions"}],"wp:attachment":[{"href":"https:\/\/museum.hinterpasseier.it\/it\/wp-json\/wp\/v2\/media?parent=13449"}],"curies":[{"name":"wp","href":"https:\/\/api.w.org\/{rel}","templated":true}]}}