{"id":12287,"date":"2024-05-14T13:41:50","date_gmt":"2024-05-14T11:41:50","guid":{"rendered":"https:\/\/museum.hinterpasseier.it\/rilascio-in-liberta-2023\/"},"modified":"2024-05-14T13:46:37","modified_gmt":"2024-05-14T11:46:37","slug":"rilascio-in-liberta-2023","status":"publish","type":"page","link":"https:\/\/museum.hinterpasseier.it\/it\/rilascio-in-liberta-2023\/","title":{"rendered":"Rilascio 2023"},"content":{"rendered":"<h1 class=\"entry-title\">Un grande successo: il rilascio in libert\u00e1 2023 in valle &#8220;Wans&#8221; in Passiria<\/h1>\n<h4><em><div id=\"metaslider-id-11480\" style=\"max-width: 700px;\" class=\"ml-slider-3-108-0 metaslider metaslider-nivo metaslider-11480 ml-slider has-dots-nav ms-theme-default\" role=\"region\" aria-label=\"Auswilderung 2023\" data-height=\"400\" data-width=\"700\">\n    <div id=\"metaslider_container_11480\">\n        <div class='slider-wrapper theme-default'><div class='ribbon'><\/div><div id='metaslider_11480' class='nivoSlider'><img loading=\"lazy\" decoding=\"async\" src=\"https:\/\/museum.hinterpasseier.it\/wordpress\/wp-content\/uploads\/2023\/05\/bock-freiheit-700x400.jpg\" height=\"400\" width=\"700\" title=\"bock freiheit\" alt=\"\" class=\"slider-11480 slide-11481 msDefaultImage\" \/><img loading=\"lazy\" decoding=\"async\" src=\"https:\/\/museum.hinterpasseier.it\/wordpress\/wp-content\/uploads\/2023\/05\/boecke-abladen-700x400.jpg\" height=\"400\" width=\"700\" title=\"b\u00f6cke abladen\" alt=\"\" class=\"slider-11480 slide-11482 msDefaultImage\" \/><img loading=\"lazy\" decoding=\"async\" src=\"https:\/\/museum.hinterpasseier.it\/wordpress\/wp-content\/uploads\/2023\/05\/boecke-freilassen-700x400.jpg\" height=\"400\" width=\"700\" title=\"b\u00f6cke freilassen\" alt=\"\" class=\"slider-11480 slide-11483 msDefaultImage\" \/><img loading=\"lazy\" decoding=\"async\" src=\"https:\/\/museum.hinterpasseier.it\/wordpress\/wp-content\/uploads\/2023\/05\/boecklein-freiheit-1-700x400.jpg\" height=\"400\" width=\"700\" title=\"b\u00f6cklein freiheit 1\" alt=\"\" class=\"slider-11480 slide-11484 msDefaultImage\" \/><img loading=\"lazy\" decoding=\"async\" src=\"https:\/\/museum.hinterpasseier.it\/wordpress\/wp-content\/uploads\/2023\/05\/boecklein-freiheit-2-700x400.jpg\" height=\"400\" width=\"700\" title=\"b\u00f6cklein freiheit 2\" alt=\"\" class=\"slider-11480 slide-11485 msDefaultImage\" \/><img loading=\"lazy\" decoding=\"async\" src=\"https:\/\/museum.hinterpasseier.it\/wordpress\/wp-content\/uploads\/2023\/05\/boecklein-freiheit-700x400.jpg\" height=\"400\" width=\"700\" title=\"b\u00f6cklein freiheit\" alt=\"\" class=\"slider-11480 slide-11486 msDefaultImage\" \/><img loading=\"lazy\" decoding=\"async\" src=\"https:\/\/museum.hinterpasseier.it\/wordpress\/wp-content\/uploads\/2023\/05\/kleiner-bock-700x400.jpg\" height=\"400\" width=\"700\" title=\"kleiner bock\" alt=\"\" class=\"slider-11480 slide-11487 msDefaultImage\" \/><img loading=\"lazy\" decoding=\"async\" src=\"https:\/\/museum.hinterpasseier.it\/wordpress\/wp-content\/uploads\/2023\/05\/mann-oeffnet-kikste-700x400.jpg\" height=\"400\" width=\"700\" title=\"mann \u00f6ffnet kikste\" alt=\"\" class=\"slider-11480 slide-11488 msDefaultImage\" \/><img loading=\"lazy\" decoding=\"async\" src=\"https:\/\/museum.hinterpasseier.it\/wordpress\/wp-content\/uploads\/2023\/05\/Mann-und-gr-bock-700x400.jpg\" height=\"400\" width=\"700\" title=\"Mann und gr bock\" alt=\"\" class=\"slider-11480 slide-11489 msDefaultImage\" \/><img loading=\"lazy\" decoding=\"async\" src=\"https:\/\/museum.hinterpasseier.it\/wordpress\/wp-content\/uploads\/2023\/05\/maenner-kisten-700x400.jpg\" height=\"400\" width=\"700\" title=\"m\u00e4nner kisten\" alt=\"\" class=\"slider-11480 slide-11490 msDefaultImage\" \/><img loading=\"lazy\" decoding=\"async\" src=\"https:\/\/museum.hinterpasseier.it\/wordpress\/wp-content\/uploads\/2023\/05\/maenner-mit-kisten-700x400.jpg\" height=\"400\" width=\"700\" title=\"m\u00e4nner mit kisten\" alt=\"\" class=\"slider-11480 slide-11491 msDefaultImage\" \/><\/div><\/div>\n        \n    <\/div>\n<\/div><\/em><\/h4>\n<p>Gioved\u00ec 18 maggio 2023 il MuseoAltaPassiria ha rilasciato in libert\u00e1 con successo quattro stambecchi dal recinto del Bunker Mooseum nelle Alpi Sarentine. Il rilascio \u00e8 stato coordinato in collaborazione con l&#8217;Ufficio di Caccia e Pesca della Provincia Autonoma di Bolzano e la Stazione Forestale San Leonardo.<\/p>\n<p>Da 15 anni il MuseoHinterPassiria ospita una colonia di stambecchi in un grande recinto al Bunker Mooseum a Moso in Passiria. Nell&#8217;ambito del progetto, i giovani animali, di et\u00e0 fino a tre anni, vengono rilasciati in natura ogni due anni. Quest&#8217;anno nella valle \u201eWansertal\u201c in Val Passiria sono stati rilasciati in libert\u00e0 tre animali maschi e una femmina.<\/p>\n<p>Il rilascio si \u00e8 svolto senza problemi. Tutti gli animali sono stati rilasciati in sicurezza nella natura libera. Nei prossimi anni il MuseoAltaPassiria, con il supporto di volontari, osserver\u00e0 gli animali liberati e ne documenter\u00e0 l&#8217;ulteriore sviluppo. I rilasci in libert\u00e1 del passato hanno confermato che gli animali si uniscono rapidamente a una colonia di stambecchi gi\u00e0 esistente e si orientano bene in natura. A causa delle reintroduzioni in natura avvenute negli ultimi anni nelle Alpi Sarentine, in questa zona si pu\u00f2 trovare ormai una popolazione di 60 stambecchi.<\/p>\n<p>Konrad Pamer, presidente dell&#8217;associazione MuseoAltaPassiria, dice a proposito del rilascio: \u201cRestituire continuamente qualcosa alla natura attraverso il nostro allevamento di stambecchi e coturnici \u00e8 un segno importante per noi come comunit\u00e0 e museo. Corrisponde alla mia fede nell\u2019equilibrio.\u201d<\/p>\n<p>Heel Peter, direttore del museo, ha elogiato la buona collaborazione tra le istituzioni e le ha ringraziate per il successo della campagna. \u201cIl rilascio in libert\u00e1 degli stambecchi dimostra come una collaborazione possa ottenere risultati positivi per la protezione delle specie. Siamo fiduciosi che anche l\u2019imminente nascita dei cuccioli di stambecchi nel recinto porter\u00e0 ad ulteriori successi.\u201d<\/p>\n<p>Nel recinto del Bunker Mooseum a Moso dovrebbero nascere a fine maggio due cuccioli di stambecco sani e vivaci.<\/p>\n<p>Il MuseoAltaPassiria invita calorosamente i visitatori ad esplorare l&#8217;affascinante mondo degli stambecchi e i suoi progetti di protezione al museo. Ulteriori informazioni sulle attivit\u00e0 dell&#8217;associazione museale sono reperibili sul sito del museo.<\/p>\n","protected":false},"excerpt":{"rendered":"<p>Un grande successo: il rilascio in libert\u00e1 2023 in valle &#8220;Wans&#8221; in Passiria Gioved\u00ec 18 maggio 2023 il MuseoAltaPassiria ha rilasciato in libert\u00e1 con successo quattro stambecchi dal recinto del Bunker Mooseum nelle Alpi Sarentine. Il rilascio \u00e8 stato coordinato in collaborazione con l&#8217;Ufficio di Caccia e Pesca della Provincia Autonoma di Bolzano e la&#8230;<\/p>\n","protected":false},"author":5,"featured_media":0,"parent":0,"menu_order":0,"comment_status":"closed","ping_status":"closed","template":"","meta":{"footnotes":""},"class_list":["post-12287","page","type-page","status-publish"],"yoast_head":"<!-- This site is optimized with the Yoast SEO plugin v27.3 - https:\/\/yoast.com\/product\/yoast-seo-wordpress\/ -->\n<title>Rilascio 2023 - MuseumHinterPasseier<\/title>\n<meta name=\"description\" content=\"Un grande successo: il rilascio in libert\u00e1 2023 in valle &quot;Wans&quot; in Passiria Gioved\u00ec 18 maggio 2023 il MuseoAltaPassiria ha rilasciato in libert\u00e1 con\" \/>\n<meta name=\"robots\" content=\"index, follow, max-snippet:-1, max-image-preview:large, max-video-preview:-1\" \/>\n<link rel=\"canonical\" href=\"https:\/\/museum.hinterpasseier.it\/it\/rilascio-in-liberta-2023\/\" \/>\n<meta property=\"og:locale\" content=\"it_IT\" \/>\n<meta property=\"og:type\" content=\"article\" \/>\n<meta property=\"og:title\" content=\"Rilascio 2023 - MuseumHinterPasseier\" \/>\n<meta property=\"og:description\" content=\"Un grande successo: il rilascio in libert\u00e1 2023 in valle &quot;Wans&quot; in Passiria Gioved\u00ec 18 maggio 2023 il MuseoAltaPassiria ha rilasciato in libert\u00e1 con\" \/>\n<meta property=\"og:url\" content=\"https:\/\/museum.hinterpasseier.it\/it\/rilascio-in-liberta-2023\/\" \/>\n<meta property=\"og:site_name\" content=\"MuseumHinterPasseier\" \/>\n<meta property=\"article:publisher\" content=\"https:\/\/www.facebook.com\/museum.hinterpasseier\" \/>\n<meta property=\"article:modified_time\" content=\"2024-05-14T11:46:37+00:00\" \/>\n<meta property=\"og:image\" content=\"https:\/\/museum.hinterpasseier.it\/wordpress\/wp-content\/uploads\/2024\/06\/Glasturm-Bunker-aussen2-scaled.jpg\" \/>\n\t<meta property=\"og:image:width\" content=\"2048\" \/>\n\t<meta property=\"og:image:height\" content=\"1365\" \/>\n\t<meta property=\"og:image:type\" content=\"image\/jpeg\" \/>\n<meta name=\"twitter:card\" content=\"summary_large_image\" \/>\n<meta name=\"twitter:label1\" content=\"Tempo di lettura stimato\" \/>\n\t<meta name=\"twitter:data1\" content=\"2 minuti\" \/>\n<script type=\"application\/ld+json\" class=\"yoast-schema-graph\">{\"@context\":\"https:\\\/\\\/schema.org\",\"@graph\":[{\"@type\":\"WebPage\",\"@id\":\"https:\\\/\\\/museum.hinterpasseier.it\\\/it\\\/rilascio-in-liberta-2023\\\/\",\"url\":\"https:\\\/\\\/museum.hinterpasseier.it\\\/it\\\/rilascio-in-liberta-2023\\\/\",\"name\":\"Rilascio 2023 - MuseumHinterPasseier\",\"isPartOf\":{\"@id\":\"https:\\\/\\\/museum.hinterpasseier.it\\\/it\\\/#website\"},\"datePublished\":\"2024-05-14T11:41:50+00:00\",\"dateModified\":\"2024-05-14T11:46:37+00:00\",\"description\":\"Un grande successo: il rilascio in libert\u00e1 2023 in valle \\\"Wans\\\" in Passiria Gioved\u00ec 18 maggio 2023 il MuseoAltaPassiria ha rilasciato in libert\u00e1 con\",\"breadcrumb\":{\"@id\":\"https:\\\/\\\/museum.hinterpasseier.it\\\/it\\\/rilascio-in-liberta-2023\\\/#breadcrumb\"},\"inLanguage\":\"it-IT\",\"potentialAction\":[{\"@type\":\"ReadAction\",\"target\":[\"https:\\\/\\\/museum.hinterpasseier.it\\\/it\\\/rilascio-in-liberta-2023\\\/\"]}]},{\"@type\":\"BreadcrumbList\",\"@id\":\"https:\\\/\\\/museum.hinterpasseier.it\\\/it\\\/rilascio-in-liberta-2023\\\/#breadcrumb\",\"itemListElement\":[{\"@type\":\"ListItem\",\"position\":1,\"name\":\"Home\",\"item\":\"https:\\\/\\\/museum.hinterpasseier.it\\\/it\\\/\"},{\"@type\":\"ListItem\",\"position\":2,\"name\":\"Rilascio 2023\"}]},{\"@type\":\"WebSite\",\"@id\":\"https:\\\/\\\/museum.hinterpasseier.it\\\/it\\\/#website\",\"url\":\"https:\\\/\\\/museum.hinterpasseier.it\\\/it\\\/\",\"name\":\"MuseumHinterPasseier\",\"description\":\"Bunker Mooseum - Stieber Mooseum - Timmel_Transit\",\"publisher\":{\"@id\":\"https:\\\/\\\/museum.hinterpasseier.it\\\/it\\\/#organization\"},\"alternateName\":\"Bunker Mooseum\",\"potentialAction\":[{\"@type\":\"SearchAction\",\"target\":{\"@type\":\"EntryPoint\",\"urlTemplate\":\"https:\\\/\\\/museum.hinterpasseier.it\\\/it\\\/?s={search_term_string}\"},\"query-input\":{\"@type\":\"PropertyValueSpecification\",\"valueRequired\":true,\"valueName\":\"search_term_string\"}}],\"inLanguage\":\"it-IT\"},{\"@type\":\"Organization\",\"@id\":\"https:\\\/\\\/museum.hinterpasseier.it\\\/it\\\/#organization\",\"name\":\"MuseumHinterPasseier\",\"alternateName\":\"Bunker Mooseum\",\"url\":\"https:\\\/\\\/museum.hinterpasseier.it\\\/it\\\/\",\"logo\":{\"@type\":\"ImageObject\",\"inLanguage\":\"it-IT\",\"@id\":\"https:\\\/\\\/museum.hinterpasseier.it\\\/it\\\/#\\\/schema\\\/logo\\\/image\\\/\",\"url\":\"https:\\\/\\\/museum.hinterpasseier.it\\\/wordpress\\\/wp-content\\\/uploads\\\/2018\\\/03\\\/Logo-BunkerMooseum.png\",\"contentUrl\":\"https:\\\/\\\/museum.hinterpasseier.it\\\/wordpress\\\/wp-content\\\/uploads\\\/2018\\\/03\\\/Logo-BunkerMooseum.png\",\"width\":405,\"height\":484,\"caption\":\"MuseumHinterPasseier\"},\"image\":{\"@id\":\"https:\\\/\\\/museum.hinterpasseier.it\\\/it\\\/#\\\/schema\\\/logo\\\/image\\\/\"},\"sameAs\":[\"https:\\\/\\\/www.facebook.com\\\/museum.hinterpasseier\",\"https:\\\/\\\/www.instagram.com\\\/museumhinterpasseier\\\/\"]}]}<\/script>\n<!-- \/ Yoast SEO plugin. -->","yoast_head_json":{"title":"Rilascio 2023 - MuseumHinterPasseier","description":"Un grande successo: il rilascio in libert\u00e1 2023 in valle \"Wans\" in Passiria Gioved\u00ec 18 maggio 2023 il MuseoAltaPassiria ha rilasciato in libert\u00e1 con","robots":{"index":"index","follow":"follow","max-snippet":"max-snippet:-1","max-image-preview":"max-image-preview:large","max-video-preview":"max-video-preview:-1"},"canonical":"https:\/\/museum.hinterpasseier.it\/it\/rilascio-in-liberta-2023\/","og_locale":"it_IT","og_type":"article","og_title":"Rilascio 2023 - MuseumHinterPasseier","og_description":"Un grande successo: il rilascio in libert\u00e1 2023 in valle \"Wans\" in Passiria Gioved\u00ec 18 maggio 2023 il MuseoAltaPassiria ha rilasciato in libert\u00e1 con","og_url":"https:\/\/museum.hinterpasseier.it\/it\/rilascio-in-liberta-2023\/","og_site_name":"MuseumHinterPasseier","article_publisher":"https:\/\/www.facebook.com\/museum.hinterpasseier","article_modified_time":"2024-05-14T11:46:37+00:00","og_image":[{"width":2048,"height":1365,"url":"https:\/\/museum.hinterpasseier.it\/wordpress\/wp-content\/uploads\/2024\/06\/Glasturm-Bunker-aussen2-scaled.jpg","type":"image\/jpeg"}],"twitter_card":"summary_large_image","twitter_misc":{"Tempo di lettura stimato":"2 minuti"},"schema":{"@context":"https:\/\/schema.org","@graph":[{"@type":"WebPage","@id":"https:\/\/museum.hinterpasseier.it\/it\/rilascio-in-liberta-2023\/","url":"https:\/\/museum.hinterpasseier.it\/it\/rilascio-in-liberta-2023\/","name":"Rilascio 2023 - MuseumHinterPasseier","isPartOf":{"@id":"https:\/\/museum.hinterpasseier.it\/it\/#website"},"datePublished":"2024-05-14T11:41:50+00:00","dateModified":"2024-05-14T11:46:37+00:00","description":"Un grande successo: il rilascio in libert\u00e1 2023 in valle \"Wans\" in Passiria Gioved\u00ec 18 maggio 2023 il MuseoAltaPassiria ha rilasciato in libert\u00e1 con","breadcrumb":{"@id":"https:\/\/museum.hinterpasseier.it\/it\/rilascio-in-liberta-2023\/#breadcrumb"},"inLanguage":"it-IT","potentialAction":[{"@type":"ReadAction","target":["https:\/\/museum.hinterpasseier.it\/it\/rilascio-in-liberta-2023\/"]}]},{"@type":"BreadcrumbList","@id":"https:\/\/museum.hinterpasseier.it\/it\/rilascio-in-liberta-2023\/#breadcrumb","itemListElement":[{"@type":"ListItem","position":1,"name":"Home","item":"https:\/\/museum.hinterpasseier.it\/it\/"},{"@type":"ListItem","position":2,"name":"Rilascio 2023"}]},{"@type":"WebSite","@id":"https:\/\/museum.hinterpasseier.it\/it\/#website","url":"https:\/\/museum.hinterpasseier.it\/it\/","name":"MuseumHinterPasseier","description":"Bunker Mooseum - Stieber Mooseum - Timmel_Transit","publisher":{"@id":"https:\/\/museum.hinterpasseier.it\/it\/#organization"},"alternateName":"Bunker Mooseum","potentialAction":[{"@type":"SearchAction","target":{"@type":"EntryPoint","urlTemplate":"https:\/\/museum.hinterpasseier.it\/it\/?s={search_term_string}"},"query-input":{"@type":"PropertyValueSpecification","valueRequired":true,"valueName":"search_term_string"}}],"inLanguage":"it-IT"},{"@type":"Organization","@id":"https:\/\/museum.hinterpasseier.it\/it\/#organization","name":"MuseumHinterPasseier","alternateName":"Bunker Mooseum","url":"https:\/\/museum.hinterpasseier.it\/it\/","logo":{"@type":"ImageObject","inLanguage":"it-IT","@id":"https:\/\/museum.hinterpasseier.it\/it\/#\/schema\/logo\/image\/","url":"https:\/\/museum.hinterpasseier.it\/wordpress\/wp-content\/uploads\/2018\/03\/Logo-BunkerMooseum.png","contentUrl":"https:\/\/museum.hinterpasseier.it\/wordpress\/wp-content\/uploads\/2018\/03\/Logo-BunkerMooseum.png","width":405,"height":484,"caption":"MuseumHinterPasseier"},"image":{"@id":"https:\/\/museum.hinterpasseier.it\/it\/#\/schema\/logo\/image\/"},"sameAs":["https:\/\/www.facebook.com\/museum.hinterpasseier","https:\/\/www.instagram.com\/museumhinterpasseier\/"]}]}},"_links":{"self":[{"href":"https:\/\/museum.hinterpasseier.it\/it\/wp-json\/wp\/v2\/pages\/12287","targetHints":{"allow":["GET"]}}],"collection":[{"href":"https:\/\/museum.hinterpasseier.it\/it\/wp-json\/wp\/v2\/pages"}],"about":[{"href":"https:\/\/museum.hinterpasseier.it\/it\/wp-json\/wp\/v2\/types\/page"}],"author":[{"embeddable":true,"href":"https:\/\/museum.hinterpasseier.it\/it\/wp-json\/wp\/v2\/users\/5"}],"replies":[{"embeddable":true,"href":"https:\/\/museum.hinterpasseier.it\/it\/wp-json\/wp\/v2\/comments?post=12287"}],"version-history":[{"count":0,"href":"https:\/\/museum.hinterpasseier.it\/it\/wp-json\/wp\/v2\/pages\/12287\/revisions"}],"wp:attachment":[{"href":"https:\/\/museum.hinterpasseier.it\/it\/wp-json\/wp\/v2\/media?parent=12287"}],"curies":[{"name":"wp","href":"https:\/\/api.w.org\/{rel}","templated":true}]}}