{"id":12068,"date":"2024-04-06T15:20:01","date_gmt":"2024-04-06T13:20:01","guid":{"rendered":"https:\/\/museum.hinterpasseier.it\/le-strutture\/rilascio-in-liberta-stambecchi\/"},"modified":"2024-05-14T13:52:45","modified_gmt":"2024-05-14T11:52:45","slug":"rilascio-in-liberta-stambecchi","status":"publish","type":"page","link":"https:\/\/museum.hinterpasseier.it\/it\/le-strutture\/rilascio-in-liberta-stambecchi\/","title":{"rendered":"Rilascio in libert\u00e1 stambecchi"},"content":{"rendered":"<div class=\"inhalt\">\n<div class=\"intro\">\n<h3>Rilascio in libert\u00e1 stambecchi<\/h3>\n<p><img loading=\"lazy\" decoding=\"async\" class=\"alignnone wp-image-12274 \" style=\"font-size: 16px;\" src=\"https:\/\/museum.hinterpasseier.it\/wordpress\/wp-content\/uploads\/2024\/05\/Auswilderung-2023.jpg\" alt=\"\" width=\"273\" height=\"156\" srcset=\"https:\/\/museum.hinterpasseier.it\/wordpress\/wp-content\/uploads\/2024\/05\/Auswilderung-2023.jpg 700w, https:\/\/museum.hinterpasseier.it\/wordpress\/wp-content\/uploads\/2024\/05\/Auswilderung-2023-450x257.jpg 450w\" sizes=\"auto, (max-width: 273px) 100vw, 273px\" \/>\u00a0<a style=\"font-size: 16px;\" href=\"https:\/\/museum.hinterpasseier.it\/it\/rilascio-in-liberta-2023\/\">Rilascio 2023<\/a>\u00a0 il 18. maggio 2023 in valle &#8220;Wansertal&#8221; <a style=\"font-size: 16px;\" href=\"https:\/\/museum.hinterpasseier.it\/it\/rilascio-in-liberta-2023\/\">Leggi di pi\u00fa<\/a><\/p>\n<h2><img loading=\"lazy\" decoding=\"async\" class=\"wp-image-9109 alignleft\" src=\"http:\/\/museum.hinterpasseier.it\/wordpress\/wp-content\/uploads\/2020\/05\/DSC_9916-450x300.jpg\" alt=\"\" width=\"202\" height=\"134\" srcset=\"https:\/\/museum.hinterpasseier.it\/wordpress\/wp-content\/uploads\/2020\/05\/DSC_9916-450x300.jpg 450w, https:\/\/museum.hinterpasseier.it\/wordpress\/wp-content\/uploads\/2020\/05\/DSC_9916-1024x683.jpg 1024w, https:\/\/museum.hinterpasseier.it\/wordpress\/wp-content\/uploads\/2020\/05\/DSC_9916-768x512.jpg 768w, https:\/\/museum.hinterpasseier.it\/wordpress\/wp-content\/uploads\/2020\/05\/DSC_9916-scaled.jpg 1536w, https:\/\/museum.hinterpasseier.it\/wordpress\/wp-content\/uploads\/2020\/05\/DSC_9916-2048x1365.jpg 2048w, https:\/\/museum.hinterpasseier.it\/wordpress\/wp-content\/uploads\/2020\/05\/DSC_9916-900x600.jpg 900w\" sizes=\"auto, (max-width: 202px) 100vw, 202px\" \/><a href=\"https:\/\/museum.hinterpasseier.it\/it\/rilascio-2020\/\">Rilascio 2020<\/a><\/h2>\n<p>il 19. maggio 2020 in val Sarentina<\/p>\n<p><a href=\"https:\/\/museum.hinterpasseier.it\/it\/rilascio-2020\/\">Leggi di pi\u00fa<\/a><\/p>\n<\/div>\n<\/div>\n<p>&nbsp;<\/p>\n<p>&nbsp;<\/p>\n<div class=\"inhalt\">\n<div class=\"intro\">\n<div class=\"vorspann\">\n<p><img loading=\"lazy\" decoding=\"async\" class=\"alignleft wp-image-8522 \" src=\"http:\/\/museum.hinterpasseier.it\/wordpress\/wp-content\/uploads\/2019\/08\/1-450x326.jpg\" alt=\"\" width=\"198\" height=\"143\" srcset=\"https:\/\/museum.hinterpasseier.it\/wordpress\/wp-content\/uploads\/2019\/08\/1-450x326.jpg 450w, https:\/\/museum.hinterpasseier.it\/wordpress\/wp-content\/uploads\/2019\/08\/1-768x557.jpg 768w, https:\/\/museum.hinterpasseier.it\/wordpress\/wp-content\/uploads\/2019\/08\/1-500x363.jpg 500w, https:\/\/museum.hinterpasseier.it\/wordpress\/wp-content\/uploads\/2019\/08\/1-600x435.jpg 600w, https:\/\/museum.hinterpasseier.it\/wordpress\/wp-content\/uploads\/2019\/08\/1.jpg 896w\" sizes=\"auto, (max-width: 198px) 100vw, 198px\" \/><\/p>\n<h2><a title=\"auswilderung 2018\" href=\"https:\/\/museum.hinterpasseier.it\/it\/le-strutture\/bunker-mooseum\/temi\/rilascio-2018\/\">Rilascio 2018<\/a><\/h2>\n<p>il 02. maggio 2018 in valle Fartleis<\/p>\n<p><a class=\"button\" href=\"https:\/\/museum.hinterpasseier.it\/it\/le-strutture\/bunker-mooseum\/temi\/rilascio-2018\/\"><span class=\"mitte\">Leggi di pi\u00fa<\/span><\/a><\/p>\n<\/div>\n<h2><\/h2>\n<div class=\"vorspann\">\n<p><img loading=\"lazy\" decoding=\"async\" class=\"alignleft wp-image-8529 \" src=\"http:\/\/museum.hinterpasseier.it\/wordpress\/wp-content\/uploads\/2019\/08\/2-450x358.jpg\" alt=\"\" width=\"198\" height=\"157\" srcset=\"https:\/\/museum.hinterpasseier.it\/wordpress\/wp-content\/uploads\/2019\/08\/2-450x358.jpg 450w, https:\/\/museum.hinterpasseier.it\/wordpress\/wp-content\/uploads\/2019\/08\/2-768x610.jpg 768w, https:\/\/museum.hinterpasseier.it\/wordpress\/wp-content\/uploads\/2019\/08\/2-1024x814.jpg 1024w, https:\/\/museum.hinterpasseier.it\/wordpress\/wp-content\/uploads\/2019\/08\/2-500x397.jpg 500w\" sizes=\"auto, (max-width: 198px) 100vw, 198px\" \/><\/p>\n<h2><a title=\"auswilderung 2017\" href=\"https:\/\/museum.hinterpasseier.it\/it\/le-strutture\/bunker-mooseum\/temi\/rilascio-2017\/\">Rilascio 2017<\/a><\/h2>\n<p>il 29. giugno 2017 in valle Zillertal in Austria<\/p>\n<\/div>\n<p><a class=\"button\" href=\"https:\/\/museum.hinterpasseier.it\/it\/le-strutture\/bunker-mooseum\/temi\/rilascio-2017\/\"><span class=\"mitte\">Leggi di pi\u00fa<\/span><\/a><\/p>\n<\/div>\n<\/div>\n<div class=\"inhalt\">\n<div class=\"intro\">\n<p>&nbsp;<\/p>\n<\/div>\n<\/div>\n","protected":false},"excerpt":{"rendered":"<p>Rilascio in libert\u00e1 stambecchi \u00a0Rilascio 2023\u00a0 il 18. maggio 2023 in valle &#8220;Wansertal&#8221; Leggi di pi\u00fa Rilascio 2020 il 19. maggio 2020 in val Sarentina Leggi di pi\u00fa &nbsp; &nbsp; Rilascio 2018 il 02. maggio 2018 in valle Fartleis Leggi di pi\u00fa Rilascio 2017 il 29. giugno 2017 in valle Zillertal in Austria Leggi di&#8230;<\/p>\n","protected":false},"author":5,"featured_media":0,"parent":4720,"menu_order":0,"comment_status":"closed","ping_status":"closed","template":"","meta":{"footnotes":""},"class_list":["post-12068","page","type-page","status-publish"],"yoast_head":"<!-- This site is optimized with the Yoast SEO plugin v27.3 - https:\/\/yoast.com\/product\/yoast-seo-wordpress\/ -->\n<title>Rilascio in libert\u00e1 stambecchi - MuseumHinterPasseier<\/title>\n<meta name=\"description\" content=\"Rilascio in libert\u00e1 stambecchi \u00a0Rilascio 2023\u00a0 il 18. maggio 2023 in valle &quot;Wansertal&quot; Leggi di pi\u00fa Rilascio 2020 il 19. maggio 2020 in val Sarentina\" \/>\n<meta name=\"robots\" content=\"index, follow, max-snippet:-1, max-image-preview:large, max-video-preview:-1\" \/>\n<link rel=\"canonical\" href=\"https:\/\/museum.hinterpasseier.it\/it\/le-strutture\/rilascio-in-liberta-stambecchi\/\" \/>\n<meta property=\"og:locale\" content=\"it_IT\" \/>\n<meta property=\"og:type\" content=\"article\" \/>\n<meta property=\"og:title\" content=\"Rilascio in libert\u00e1 stambecchi - MuseumHinterPasseier\" \/>\n<meta property=\"og:description\" content=\"Rilascio in libert\u00e1 stambecchi \u00a0Rilascio 2023\u00a0 il 18. maggio 2023 in valle &quot;Wansertal&quot; Leggi di pi\u00fa Rilascio 2020 il 19. maggio 2020 in val Sarentina\" \/>\n<meta property=\"og:url\" content=\"https:\/\/museum.hinterpasseier.it\/it\/le-strutture\/rilascio-in-liberta-stambecchi\/\" \/>\n<meta property=\"og:site_name\" content=\"MuseumHinterPasseier\" \/>\n<meta property=\"article:publisher\" content=\"https:\/\/www.facebook.com\/museum.hinterpasseier\" \/>\n<meta property=\"article:modified_time\" content=\"2024-05-14T11:52:45+00:00\" \/>\n<meta property=\"og:image\" content=\"https:\/\/museum.hinterpasseier.it\/wordpress\/wp-content\/uploads\/2024\/05\/Auswilderung-2023.jpg\" \/>\n\t<meta property=\"og:image:width\" content=\"700\" \/>\n\t<meta property=\"og:image:height\" content=\"400\" \/>\n\t<meta property=\"og:image:type\" content=\"image\/jpeg\" \/>\n<meta name=\"twitter:card\" content=\"summary_large_image\" \/>\n<script type=\"application\/ld+json\" class=\"yoast-schema-graph\">{\"@context\":\"https:\\\/\\\/schema.org\",\"@graph\":[{\"@type\":\"WebPage\",\"@id\":\"https:\\\/\\\/museum.hinterpasseier.it\\\/it\\\/le-strutture\\\/rilascio-in-liberta-stambecchi\\\/\",\"url\":\"https:\\\/\\\/museum.hinterpasseier.it\\\/it\\\/le-strutture\\\/rilascio-in-liberta-stambecchi\\\/\",\"name\":\"Rilascio in libert\u00e1 stambecchi - MuseumHinterPasseier\",\"isPartOf\":{\"@id\":\"https:\\\/\\\/museum.hinterpasseier.it\\\/it\\\/#website\"},\"primaryImageOfPage\":{\"@id\":\"https:\\\/\\\/museum.hinterpasseier.it\\\/it\\\/le-strutture\\\/rilascio-in-liberta-stambecchi\\\/#primaryimage\"},\"image\":{\"@id\":\"https:\\\/\\\/museum.hinterpasseier.it\\\/it\\\/le-strutture\\\/rilascio-in-liberta-stambecchi\\\/#primaryimage\"},\"thumbnailUrl\":\"https:\\\/\\\/museum.hinterpasseier.it\\\/wordpress\\\/wp-content\\\/uploads\\\/2024\\\/05\\\/Auswilderung-2023.jpg\",\"datePublished\":\"2024-04-06T13:20:01+00:00\",\"dateModified\":\"2024-05-14T11:52:45+00:00\",\"description\":\"Rilascio in libert\u00e1 stambecchi \u00a0Rilascio 2023\u00a0 il 18. maggio 2023 in valle \\\"Wansertal\\\" Leggi di pi\u00fa Rilascio 2020 il 19. maggio 2020 in val Sarentina\",\"breadcrumb\":{\"@id\":\"https:\\\/\\\/museum.hinterpasseier.it\\\/it\\\/le-strutture\\\/rilascio-in-liberta-stambecchi\\\/#breadcrumb\"},\"inLanguage\":\"it-IT\",\"potentialAction\":[{\"@type\":\"ReadAction\",\"target\":[\"https:\\\/\\\/museum.hinterpasseier.it\\\/it\\\/le-strutture\\\/rilascio-in-liberta-stambecchi\\\/\"]}]},{\"@type\":\"ImageObject\",\"inLanguage\":\"it-IT\",\"@id\":\"https:\\\/\\\/museum.hinterpasseier.it\\\/it\\\/le-strutture\\\/rilascio-in-liberta-stambecchi\\\/#primaryimage\",\"url\":\"https:\\\/\\\/museum.hinterpasseier.it\\\/wordpress\\\/wp-content\\\/uploads\\\/2024\\\/05\\\/Auswilderung-2023.jpg\",\"contentUrl\":\"https:\\\/\\\/museum.hinterpasseier.it\\\/wordpress\\\/wp-content\\\/uploads\\\/2024\\\/05\\\/Auswilderung-2023.jpg\"},{\"@type\":\"BreadcrumbList\",\"@id\":\"https:\\\/\\\/museum.hinterpasseier.it\\\/it\\\/le-strutture\\\/rilascio-in-liberta-stambecchi\\\/#breadcrumb\",\"itemListElement\":[{\"@type\":\"ListItem\",\"position\":1,\"name\":\"Home\",\"item\":\"https:\\\/\\\/museum.hinterpasseier.it\\\/it\\\/\"},{\"@type\":\"ListItem\",\"position\":2,\"name\":\"Le strutture\",\"item\":\"https:\\\/\\\/museum.hinterpasseier.it\\\/it\\\/le-strutture\\\/\"},{\"@type\":\"ListItem\",\"position\":3,\"name\":\"Rilascio in libert\u00e1 stambecchi\"}]},{\"@type\":\"WebSite\",\"@id\":\"https:\\\/\\\/museum.hinterpasseier.it\\\/it\\\/#website\",\"url\":\"https:\\\/\\\/museum.hinterpasseier.it\\\/it\\\/\",\"name\":\"MuseumHinterPasseier\",\"description\":\"Bunker Mooseum - Stieber Mooseum - Timmel_Transit\",\"publisher\":{\"@id\":\"https:\\\/\\\/museum.hinterpasseier.it\\\/it\\\/#organization\"},\"alternateName\":\"Bunker Mooseum\",\"potentialAction\":[{\"@type\":\"SearchAction\",\"target\":{\"@type\":\"EntryPoint\",\"urlTemplate\":\"https:\\\/\\\/museum.hinterpasseier.it\\\/it\\\/?s={search_term_string}\"},\"query-input\":{\"@type\":\"PropertyValueSpecification\",\"valueRequired\":true,\"valueName\":\"search_term_string\"}}],\"inLanguage\":\"it-IT\"},{\"@type\":\"Organization\",\"@id\":\"https:\\\/\\\/museum.hinterpasseier.it\\\/it\\\/#organization\",\"name\":\"MuseumHinterPasseier\",\"alternateName\":\"Bunker Mooseum\",\"url\":\"https:\\\/\\\/museum.hinterpasseier.it\\\/it\\\/\",\"logo\":{\"@type\":\"ImageObject\",\"inLanguage\":\"it-IT\",\"@id\":\"https:\\\/\\\/museum.hinterpasseier.it\\\/it\\\/#\\\/schema\\\/logo\\\/image\\\/\",\"url\":\"https:\\\/\\\/museum.hinterpasseier.it\\\/wordpress\\\/wp-content\\\/uploads\\\/2018\\\/03\\\/Logo-BunkerMooseum.png\",\"contentUrl\":\"https:\\\/\\\/museum.hinterpasseier.it\\\/wordpress\\\/wp-content\\\/uploads\\\/2018\\\/03\\\/Logo-BunkerMooseum.png\",\"width\":405,\"height\":484,\"caption\":\"MuseumHinterPasseier\"},\"image\":{\"@id\":\"https:\\\/\\\/museum.hinterpasseier.it\\\/it\\\/#\\\/schema\\\/logo\\\/image\\\/\"},\"sameAs\":[\"https:\\\/\\\/www.facebook.com\\\/museum.hinterpasseier\",\"https:\\\/\\\/www.instagram.com\\\/museumhinterpasseier\\\/\"]}]}<\/script>\n<!-- \/ Yoast SEO plugin. -->","yoast_head_json":{"title":"Rilascio in libert\u00e1 stambecchi - MuseumHinterPasseier","description":"Rilascio in libert\u00e1 stambecchi \u00a0Rilascio 2023\u00a0 il 18. maggio 2023 in valle \"Wansertal\" Leggi di pi\u00fa Rilascio 2020 il 19. maggio 2020 in val Sarentina","robots":{"index":"index","follow":"follow","max-snippet":"max-snippet:-1","max-image-preview":"max-image-preview:large","max-video-preview":"max-video-preview:-1"},"canonical":"https:\/\/museum.hinterpasseier.it\/it\/le-strutture\/rilascio-in-liberta-stambecchi\/","og_locale":"it_IT","og_type":"article","og_title":"Rilascio in libert\u00e1 stambecchi - MuseumHinterPasseier","og_description":"Rilascio in libert\u00e1 stambecchi \u00a0Rilascio 2023\u00a0 il 18. maggio 2023 in valle \"Wansertal\" Leggi di pi\u00fa Rilascio 2020 il 19. maggio 2020 in val Sarentina","og_url":"https:\/\/museum.hinterpasseier.it\/it\/le-strutture\/rilascio-in-liberta-stambecchi\/","og_site_name":"MuseumHinterPasseier","article_publisher":"https:\/\/www.facebook.com\/museum.hinterpasseier","article_modified_time":"2024-05-14T11:52:45+00:00","og_image":[{"width":700,"height":400,"url":"https:\/\/museum.hinterpasseier.it\/wordpress\/wp-content\/uploads\/2024\/05\/Auswilderung-2023.jpg","type":"image\/jpeg"}],"twitter_card":"summary_large_image","schema":{"@context":"https:\/\/schema.org","@graph":[{"@type":"WebPage","@id":"https:\/\/museum.hinterpasseier.it\/it\/le-strutture\/rilascio-in-liberta-stambecchi\/","url":"https:\/\/museum.hinterpasseier.it\/it\/le-strutture\/rilascio-in-liberta-stambecchi\/","name":"Rilascio in libert\u00e1 stambecchi - MuseumHinterPasseier","isPartOf":{"@id":"https:\/\/museum.hinterpasseier.it\/it\/#website"},"primaryImageOfPage":{"@id":"https:\/\/museum.hinterpasseier.it\/it\/le-strutture\/rilascio-in-liberta-stambecchi\/#primaryimage"},"image":{"@id":"https:\/\/museum.hinterpasseier.it\/it\/le-strutture\/rilascio-in-liberta-stambecchi\/#primaryimage"},"thumbnailUrl":"https:\/\/museum.hinterpasseier.it\/wordpress\/wp-content\/uploads\/2024\/05\/Auswilderung-2023.jpg","datePublished":"2024-04-06T13:20:01+00:00","dateModified":"2024-05-14T11:52:45+00:00","description":"Rilascio in libert\u00e1 stambecchi \u00a0Rilascio 2023\u00a0 il 18. maggio 2023 in valle \"Wansertal\" Leggi di pi\u00fa Rilascio 2020 il 19. maggio 2020 in val Sarentina","breadcrumb":{"@id":"https:\/\/museum.hinterpasseier.it\/it\/le-strutture\/rilascio-in-liberta-stambecchi\/#breadcrumb"},"inLanguage":"it-IT","potentialAction":[{"@type":"ReadAction","target":["https:\/\/museum.hinterpasseier.it\/it\/le-strutture\/rilascio-in-liberta-stambecchi\/"]}]},{"@type":"ImageObject","inLanguage":"it-IT","@id":"https:\/\/museum.hinterpasseier.it\/it\/le-strutture\/rilascio-in-liberta-stambecchi\/#primaryimage","url":"https:\/\/museum.hinterpasseier.it\/wordpress\/wp-content\/uploads\/2024\/05\/Auswilderung-2023.jpg","contentUrl":"https:\/\/museum.hinterpasseier.it\/wordpress\/wp-content\/uploads\/2024\/05\/Auswilderung-2023.jpg"},{"@type":"BreadcrumbList","@id":"https:\/\/museum.hinterpasseier.it\/it\/le-strutture\/rilascio-in-liberta-stambecchi\/#breadcrumb","itemListElement":[{"@type":"ListItem","position":1,"name":"Home","item":"https:\/\/museum.hinterpasseier.it\/it\/"},{"@type":"ListItem","position":2,"name":"Le strutture","item":"https:\/\/museum.hinterpasseier.it\/it\/le-strutture\/"},{"@type":"ListItem","position":3,"name":"Rilascio in libert\u00e1 stambecchi"}]},{"@type":"WebSite","@id":"https:\/\/museum.hinterpasseier.it\/it\/#website","url":"https:\/\/museum.hinterpasseier.it\/it\/","name":"MuseumHinterPasseier","description":"Bunker Mooseum - Stieber Mooseum - Timmel_Transit","publisher":{"@id":"https:\/\/museum.hinterpasseier.it\/it\/#organization"},"alternateName":"Bunker Mooseum","potentialAction":[{"@type":"SearchAction","target":{"@type":"EntryPoint","urlTemplate":"https:\/\/museum.hinterpasseier.it\/it\/?s={search_term_string}"},"query-input":{"@type":"PropertyValueSpecification","valueRequired":true,"valueName":"search_term_string"}}],"inLanguage":"it-IT"},{"@type":"Organization","@id":"https:\/\/museum.hinterpasseier.it\/it\/#organization","name":"MuseumHinterPasseier","alternateName":"Bunker Mooseum","url":"https:\/\/museum.hinterpasseier.it\/it\/","logo":{"@type":"ImageObject","inLanguage":"it-IT","@id":"https:\/\/museum.hinterpasseier.it\/it\/#\/schema\/logo\/image\/","url":"https:\/\/museum.hinterpasseier.it\/wordpress\/wp-content\/uploads\/2018\/03\/Logo-BunkerMooseum.png","contentUrl":"https:\/\/museum.hinterpasseier.it\/wordpress\/wp-content\/uploads\/2018\/03\/Logo-BunkerMooseum.png","width":405,"height":484,"caption":"MuseumHinterPasseier"},"image":{"@id":"https:\/\/museum.hinterpasseier.it\/it\/#\/schema\/logo\/image\/"},"sameAs":["https:\/\/www.facebook.com\/museum.hinterpasseier","https:\/\/www.instagram.com\/museumhinterpasseier\/"]}]}},"_links":{"self":[{"href":"https:\/\/museum.hinterpasseier.it\/it\/wp-json\/wp\/v2\/pages\/12068","targetHints":{"allow":["GET"]}}],"collection":[{"href":"https:\/\/museum.hinterpasseier.it\/it\/wp-json\/wp\/v2\/pages"}],"about":[{"href":"https:\/\/museum.hinterpasseier.it\/it\/wp-json\/wp\/v2\/types\/page"}],"author":[{"embeddable":true,"href":"https:\/\/museum.hinterpasseier.it\/it\/wp-json\/wp\/v2\/users\/5"}],"replies":[{"embeddable":true,"href":"https:\/\/museum.hinterpasseier.it\/it\/wp-json\/wp\/v2\/comments?post=12068"}],"version-history":[{"count":0,"href":"https:\/\/museum.hinterpasseier.it\/it\/wp-json\/wp\/v2\/pages\/12068\/revisions"}],"up":[{"embeddable":true,"href":"https:\/\/museum.hinterpasseier.it\/it\/wp-json\/wp\/v2\/pages\/4720"}],"wp:attachment":[{"href":"https:\/\/museum.hinterpasseier.it\/it\/wp-json\/wp\/v2\/media?parent=12068"}],"curies":[{"name":"wp","href":"https:\/\/api.w.org\/{rel}","templated":true}]}}