{"id":12027,"date":"2024-04-05T13:58:31","date_gmt":"2024-04-05T11:58:31","guid":{"rendered":"https:\/\/museum.hinterpasseier.it\/winnebacher-libro-di-emblemi\/"},"modified":"2024-04-05T14:03:45","modified_gmt":"2024-04-05T12:03:45","slug":"winnebacher-libro-di-emblemi","status":"publish","type":"page","link":"https:\/\/museum.hinterpasseier.it\/it\/winnebacher-libro-di-emblemi\/","title":{"rendered":"Winnebacher-libro di emblemi"},"content":{"rendered":"[vc_row type=&#8221;in_container&#8221; full_screen_row_position=&#8221;middle&#8221; scene_position=&#8221;center&#8221; text_color=&#8221;dark&#8221; text_align=&#8221;left&#8221; overlay_strength=&#8221;0.3&#8243;][vc_column column_padding=&#8221;no-extra-padding&#8221; column_padding_position=&#8221;all&#8221; background_color_opacity=&#8221;1&#8243; background_hover_color_opacity=&#8221;1&#8243; width=&#8221;1\/2&#8243; tablet_text_alignment=&#8221;default&#8221; phone_text_alignment=&#8221;default&#8221;][vc_column_text]\n<h3>Michael Winnebacher &#8211; libro di emblemi<\/h3>\n<p>Nel 1716, il curato Michael Winnebacher scrisse e illustr\u00f2 un libro di emblemi sui simboli di Maria. Gli argomenti astratti sono stati presentati in modo comprensibile. Il contenuto \u00e8 stato chiarito nell&#8217;intestazione, nell&#8217;immagine e nell&#8217;epigramma.<br \/>\nIl libro \u00e8 stato scritto a mano e si basa sul modello latino che il cardinale Sfondrati aveva disegnato e a cui si ispira da vicino il libro degli emblemi di Winnebacher. Michael Winnebacher vi aggiunge dei simboli inserendone anche dei propri. Nelle 52 immagini spiega l&#8217;aspetto dell&#8217;Immacolata Concezione.<br \/>\nI simboli hanno come contenuto l&#8217;Immacolata concezione e la difendono. Le immagini della natura sono interpretate teologicamente e hanno lo scopo di rendere comprensibile l&#8217;Immacolata concezione.<br \/>\nSono elencati alcuni esempi: gli astrologi non possono vedere difetti o macchie sul sole, che rappresenta Maria (I), la nave Victoria, con la quale Ferdinando Magellano salp\u00f2 dalla Spagna verso le Molucche in Indonesia nel 1520, viene salvata dal naufragio (II), melograno (III), la piramide che non fa ombra (IV)<br \/>\nIl libro illustrato era inteso come un libro di contemplazione, per la meditazione.<\/p>\n<p>Riassunto dalla perizia del Dr. Leo Andergassen.<\/p>\n<p>Il titolo completo \u00e8:<br \/>\n\u201eDie verth\u00e4digte Unschuld das ist MARIA die seligiste Junckhfrau und Mueter Gottes, in ihrer unbefleckhten Empfengnus durch 46 Sinnbilder vorgest\u00f6llt, und einstens in Lateinischer sprach beschriben von dem weiland Hochwirdigisten Firsten und Herrn Herrn COELESTINO SFONDRATI ird. S. Bened. der H. R.K. Cardin\u00e4l, vorhero gefisteten Abbten bey S. Gallen. Nun aber in das Teutsche ybersezt, und mit einigen Sinnbildern vermert von Michael Winepacher, Seelsorger vey U. L. Frauen zu Moo\u00df in Passeyr. Anno 1716\u201c<\/p>\n<p>Michael Winnebacher nacque a San Martino in Passiria e si form\u00f2 all&#8217;Universit\u00e0 dei Gesuiti di Innsbruck. Dal 1687 al 1742 lavor\u00f2 come curato in tutta l&#8217;Alta Passiria e, secondo Beda Weber, era un amante dell&#8217;arte, che intendeva come ancella della religione.<br \/>\nWinnebacher \u00e8 considerato mecenate e scopritore di alcuni artisti molto importanti per la Val Passiria. Fece ristrutturare la chiesa parrocchiale di Moos da Niklaus Auer e fu considerato uno dei primi promotori dell&#8217;intagliatore originario dell\u2019Alta Passiria.<br \/>\nSu iniziativa di Winnebacher, che mise a disposizione dell&#8217;artista meranese Nikolaus Auer come laboratorio di pittura la propria casa natale a S. Martino, lontano dai centri d&#8217;arte delle citt\u00e0, sorse la scuola di pittura della Val Passiria. Questa a sua volta riforn\u00ec la Val Passiria e l&#8217;area circostante di dipinti dal 1719 al 1845 e per tre generazioni.<br \/>\nL&#8217;amante dell&#8217;arte e poeta Winnebacher mostr\u00f2 fiuto, lungimiranza e coraggio trasformando la propria casa natia in bottega del pittore. Da S. Martino i giovani artisti si trasferirono ad Augusta e fino a Venezia, e molti di loro riuscirono a diventare artisti stimati in questi luoghi.<br \/>\nUna decisione coraggiosa lasci\u00f2 cos\u00ec un\u2019impronta indelebile su un&#8217;intera vallata e si irradia ancora oggi ben oltre la Val Passiria.[\/vc_column_text][\/vc_column][vc_column column_padding=&#8221;no-extra-padding&#8221; column_padding_position=&#8221;all&#8221; background_color_opacity=&#8221;1&#8243; background_hover_color_opacity=&#8221;1&#8243; width=&#8221;1\/2&#8243; tablet_text_alignment=&#8221;default&#8221; phone_text_alignment=&#8221;default&#8221;][vc_gallery type=&#8221;flexslider_style&#8221; images=&#8221;3746,3755&#8243; onclick=&#8221;link_no&#8221;][\/vc_column][\/vc_row]\n","protected":false},"excerpt":{"rendered":"<p>[vc_row type=&#8221;in_container&#8221; full_screen_row_position=&#8221;middle&#8221; scene_position=&#8221;center&#8221; text_color=&#8221;dark&#8221; text_align=&#8221;left&#8221; overlay_strength=&#8221;0.3&#8243;][vc_column column_padding=&#8221;no-extra-padding&#8221; column_padding_position=&#8221;all&#8221; background_color_opacity=&#8221;1&#8243; background_hover_color_opacity=&#8221;1&#8243; width=&#8221;1\/2&#8243; tablet_text_alignment=&#8221;default&#8221; phone_text_alignment=&#8221;default&#8221;][vc_column_text] Michael Winnebacher &#8211; libro di emblemi Nel 1716, il curato Michael Winnebacher scrisse e illustr\u00f2 un libro di emblemi sui simboli di Maria. Gli argomenti astratti sono stati presentati in modo comprensibile. Il contenuto \u00e8 stato chiarito nell&#8217;intestazione, nell&#8217;immagine e nell&#8217;epigramma&#8230;.<\/p>\n","protected":false},"author":3,"featured_media":0,"parent":0,"menu_order":0,"comment_status":"closed","ping_status":"closed","template":"","meta":{"footnotes":""},"class_list":["post-12027","page","type-page","status-publish"],"yoast_head":"<!-- This site is optimized with the Yoast SEO plugin v27.3 - https:\/\/yoast.com\/product\/yoast-seo-wordpress\/ -->\n<title>Winnebacher-libro di emblemi - MuseumHinterPasseier<\/title>\n<meta name=\"description\" content=\"Michael Winnebacher - libro di emblemi Nel 1716, il curato Michael Winnebacher scrisse e illustr\u00f2 un libro di emblemi sui simboli di Maria. Gli argomenti\" \/>\n<meta name=\"robots\" content=\"index, follow, max-snippet:-1, max-image-preview:large, max-video-preview:-1\" \/>\n<link rel=\"canonical\" href=\"https:\/\/museum.hinterpasseier.it\/it\/winnebacher-libro-di-emblemi\/\" \/>\n<meta property=\"og:locale\" content=\"it_IT\" \/>\n<meta property=\"og:type\" content=\"article\" \/>\n<meta property=\"og:title\" content=\"Winnebacher-libro di emblemi - MuseumHinterPasseier\" \/>\n<meta property=\"og:description\" content=\"Michael Winnebacher - libro di emblemi Nel 1716, il curato Michael Winnebacher scrisse e illustr\u00f2 un libro di emblemi sui simboli di Maria. Gli argomenti\" \/>\n<meta property=\"og:url\" content=\"https:\/\/museum.hinterpasseier.it\/it\/winnebacher-libro-di-emblemi\/\" \/>\n<meta property=\"og:site_name\" content=\"MuseumHinterPasseier\" \/>\n<meta property=\"article:publisher\" content=\"https:\/\/www.facebook.com\/museum.hinterpasseier\" \/>\n<meta property=\"article:modified_time\" content=\"2024-04-05T12:03:45+00:00\" \/>\n<meta property=\"og:image\" content=\"https:\/\/museum.hinterpasseier.it\/wordpress\/wp-content\/uploads\/2024\/06\/Glasturm-Bunker-aussen2-scaled.jpg\" \/>\n\t<meta property=\"og:image:width\" content=\"2048\" \/>\n\t<meta property=\"og:image:height\" content=\"1365\" \/>\n\t<meta property=\"og:image:type\" content=\"image\/jpeg\" \/>\n<meta name=\"twitter:card\" content=\"summary_large_image\" \/>\n<meta name=\"twitter:label1\" content=\"Tempo di lettura stimato\" \/>\n\t<meta name=\"twitter:data1\" content=\"3 minuti\" \/>\n<script type=\"application\/ld+json\" class=\"yoast-schema-graph\">{\"@context\":\"https:\\\/\\\/schema.org\",\"@graph\":[{\"@type\":\"WebPage\",\"@id\":\"https:\\\/\\\/museum.hinterpasseier.it\\\/it\\\/winnebacher-libro-di-emblemi\\\/\",\"url\":\"https:\\\/\\\/museum.hinterpasseier.it\\\/it\\\/winnebacher-libro-di-emblemi\\\/\",\"name\":\"Winnebacher-libro di emblemi - MuseumHinterPasseier\",\"isPartOf\":{\"@id\":\"https:\\\/\\\/museum.hinterpasseier.it\\\/it\\\/#website\"},\"datePublished\":\"2024-04-05T11:58:31+00:00\",\"dateModified\":\"2024-04-05T12:03:45+00:00\",\"description\":\"Michael Winnebacher - libro di emblemi Nel 1716, il curato Michael Winnebacher scrisse e illustr\u00f2 un libro di emblemi sui simboli di Maria. Gli argomenti\",\"breadcrumb\":{\"@id\":\"https:\\\/\\\/museum.hinterpasseier.it\\\/it\\\/winnebacher-libro-di-emblemi\\\/#breadcrumb\"},\"inLanguage\":\"it-IT\",\"potentialAction\":[{\"@type\":\"ReadAction\",\"target\":[\"https:\\\/\\\/museum.hinterpasseier.it\\\/it\\\/winnebacher-libro-di-emblemi\\\/\"]}]},{\"@type\":\"BreadcrumbList\",\"@id\":\"https:\\\/\\\/museum.hinterpasseier.it\\\/it\\\/winnebacher-libro-di-emblemi\\\/#breadcrumb\",\"itemListElement\":[{\"@type\":\"ListItem\",\"position\":1,\"name\":\"Home\",\"item\":\"https:\\\/\\\/museum.hinterpasseier.it\\\/it\\\/\"},{\"@type\":\"ListItem\",\"position\":2,\"name\":\"Winnebacher-libro di emblemi\"}]},{\"@type\":\"WebSite\",\"@id\":\"https:\\\/\\\/museum.hinterpasseier.it\\\/it\\\/#website\",\"url\":\"https:\\\/\\\/museum.hinterpasseier.it\\\/it\\\/\",\"name\":\"MuseumHinterPasseier\",\"description\":\"Bunker Mooseum - Stieber Mooseum - Timmel_Transit\",\"publisher\":{\"@id\":\"https:\\\/\\\/museum.hinterpasseier.it\\\/it\\\/#organization\"},\"alternateName\":\"Bunker Mooseum\",\"potentialAction\":[{\"@type\":\"SearchAction\",\"target\":{\"@type\":\"EntryPoint\",\"urlTemplate\":\"https:\\\/\\\/museum.hinterpasseier.it\\\/it\\\/?s={search_term_string}\"},\"query-input\":{\"@type\":\"PropertyValueSpecification\",\"valueRequired\":true,\"valueName\":\"search_term_string\"}}],\"inLanguage\":\"it-IT\"},{\"@type\":\"Organization\",\"@id\":\"https:\\\/\\\/museum.hinterpasseier.it\\\/it\\\/#organization\",\"name\":\"MuseumHinterPasseier\",\"alternateName\":\"Bunker Mooseum\",\"url\":\"https:\\\/\\\/museum.hinterpasseier.it\\\/it\\\/\",\"logo\":{\"@type\":\"ImageObject\",\"inLanguage\":\"it-IT\",\"@id\":\"https:\\\/\\\/museum.hinterpasseier.it\\\/it\\\/#\\\/schema\\\/logo\\\/image\\\/\",\"url\":\"https:\\\/\\\/museum.hinterpasseier.it\\\/wordpress\\\/wp-content\\\/uploads\\\/2018\\\/03\\\/Logo-BunkerMooseum.png\",\"contentUrl\":\"https:\\\/\\\/museum.hinterpasseier.it\\\/wordpress\\\/wp-content\\\/uploads\\\/2018\\\/03\\\/Logo-BunkerMooseum.png\",\"width\":405,\"height\":484,\"caption\":\"MuseumHinterPasseier\"},\"image\":{\"@id\":\"https:\\\/\\\/museum.hinterpasseier.it\\\/it\\\/#\\\/schema\\\/logo\\\/image\\\/\"},\"sameAs\":[\"https:\\\/\\\/www.facebook.com\\\/museum.hinterpasseier\",\"https:\\\/\\\/www.instagram.com\\\/museumhinterpasseier\\\/\"]}]}<\/script>\n<!-- \/ Yoast SEO plugin. -->","yoast_head_json":{"title":"Winnebacher-libro di emblemi - MuseumHinterPasseier","description":"Michael Winnebacher - libro di emblemi Nel 1716, il curato Michael Winnebacher scrisse e illustr\u00f2 un libro di emblemi sui simboli di Maria. Gli argomenti","robots":{"index":"index","follow":"follow","max-snippet":"max-snippet:-1","max-image-preview":"max-image-preview:large","max-video-preview":"max-video-preview:-1"},"canonical":"https:\/\/museum.hinterpasseier.it\/it\/winnebacher-libro-di-emblemi\/","og_locale":"it_IT","og_type":"article","og_title":"Winnebacher-libro di emblemi - MuseumHinterPasseier","og_description":"Michael Winnebacher - libro di emblemi Nel 1716, il curato Michael Winnebacher scrisse e illustr\u00f2 un libro di emblemi sui simboli di Maria. Gli argomenti","og_url":"https:\/\/museum.hinterpasseier.it\/it\/winnebacher-libro-di-emblemi\/","og_site_name":"MuseumHinterPasseier","article_publisher":"https:\/\/www.facebook.com\/museum.hinterpasseier","article_modified_time":"2024-04-05T12:03:45+00:00","og_image":[{"width":2048,"height":1365,"url":"https:\/\/museum.hinterpasseier.it\/wordpress\/wp-content\/uploads\/2024\/06\/Glasturm-Bunker-aussen2-scaled.jpg","type":"image\/jpeg"}],"twitter_card":"summary_large_image","twitter_misc":{"Tempo di lettura stimato":"3 minuti"},"schema":{"@context":"https:\/\/schema.org","@graph":[{"@type":"WebPage","@id":"https:\/\/museum.hinterpasseier.it\/it\/winnebacher-libro-di-emblemi\/","url":"https:\/\/museum.hinterpasseier.it\/it\/winnebacher-libro-di-emblemi\/","name":"Winnebacher-libro di emblemi - MuseumHinterPasseier","isPartOf":{"@id":"https:\/\/museum.hinterpasseier.it\/it\/#website"},"datePublished":"2024-04-05T11:58:31+00:00","dateModified":"2024-04-05T12:03:45+00:00","description":"Michael Winnebacher - libro di emblemi Nel 1716, il curato Michael Winnebacher scrisse e illustr\u00f2 un libro di emblemi sui simboli di Maria. Gli argomenti","breadcrumb":{"@id":"https:\/\/museum.hinterpasseier.it\/it\/winnebacher-libro-di-emblemi\/#breadcrumb"},"inLanguage":"it-IT","potentialAction":[{"@type":"ReadAction","target":["https:\/\/museum.hinterpasseier.it\/it\/winnebacher-libro-di-emblemi\/"]}]},{"@type":"BreadcrumbList","@id":"https:\/\/museum.hinterpasseier.it\/it\/winnebacher-libro-di-emblemi\/#breadcrumb","itemListElement":[{"@type":"ListItem","position":1,"name":"Home","item":"https:\/\/museum.hinterpasseier.it\/it\/"},{"@type":"ListItem","position":2,"name":"Winnebacher-libro di emblemi"}]},{"@type":"WebSite","@id":"https:\/\/museum.hinterpasseier.it\/it\/#website","url":"https:\/\/museum.hinterpasseier.it\/it\/","name":"MuseumHinterPasseier","description":"Bunker Mooseum - Stieber Mooseum - Timmel_Transit","publisher":{"@id":"https:\/\/museum.hinterpasseier.it\/it\/#organization"},"alternateName":"Bunker Mooseum","potentialAction":[{"@type":"SearchAction","target":{"@type":"EntryPoint","urlTemplate":"https:\/\/museum.hinterpasseier.it\/it\/?s={search_term_string}"},"query-input":{"@type":"PropertyValueSpecification","valueRequired":true,"valueName":"search_term_string"}}],"inLanguage":"it-IT"},{"@type":"Organization","@id":"https:\/\/museum.hinterpasseier.it\/it\/#organization","name":"MuseumHinterPasseier","alternateName":"Bunker Mooseum","url":"https:\/\/museum.hinterpasseier.it\/it\/","logo":{"@type":"ImageObject","inLanguage":"it-IT","@id":"https:\/\/museum.hinterpasseier.it\/it\/#\/schema\/logo\/image\/","url":"https:\/\/museum.hinterpasseier.it\/wordpress\/wp-content\/uploads\/2018\/03\/Logo-BunkerMooseum.png","contentUrl":"https:\/\/museum.hinterpasseier.it\/wordpress\/wp-content\/uploads\/2018\/03\/Logo-BunkerMooseum.png","width":405,"height":484,"caption":"MuseumHinterPasseier"},"image":{"@id":"https:\/\/museum.hinterpasseier.it\/it\/#\/schema\/logo\/image\/"},"sameAs":["https:\/\/www.facebook.com\/museum.hinterpasseier","https:\/\/www.instagram.com\/museumhinterpasseier\/"]}]}},"_links":{"self":[{"href":"https:\/\/museum.hinterpasseier.it\/it\/wp-json\/wp\/v2\/pages\/12027","targetHints":{"allow":["GET"]}}],"collection":[{"href":"https:\/\/museum.hinterpasseier.it\/it\/wp-json\/wp\/v2\/pages"}],"about":[{"href":"https:\/\/museum.hinterpasseier.it\/it\/wp-json\/wp\/v2\/types\/page"}],"author":[{"embeddable":true,"href":"https:\/\/museum.hinterpasseier.it\/it\/wp-json\/wp\/v2\/users\/3"}],"replies":[{"embeddable":true,"href":"https:\/\/museum.hinterpasseier.it\/it\/wp-json\/wp\/v2\/comments?post=12027"}],"version-history":[{"count":0,"href":"https:\/\/museum.hinterpasseier.it\/it\/wp-json\/wp\/v2\/pages\/12027\/revisions"}],"wp:attachment":[{"href":"https:\/\/museum.hinterpasseier.it\/it\/wp-json\/wp\/v2\/media?parent=12027"}],"curies":[{"name":"wp","href":"https:\/\/api.w.org\/{rel}","templated":true}]}}