{"id":10721,"date":"2022-07-24T14:56:29","date_gmt":"2022-07-24T12:56:29","guid":{"rendered":"https:\/\/museum.hinterpasseier.it\/tutta-la-forza-dellacqua\/"},"modified":"2022-07-30T10:24:25","modified_gmt":"2022-07-30T08:24:25","slug":"tutta-la-forza-dellacqua","status":"publish","type":"page","link":"https:\/\/museum.hinterpasseier.it\/it\/tutta-la-forza-dellacqua\/","title":{"rendered":"Tutta la forza dell\u2019acqua"},"content":{"rendered":"<h2 class=\"title big override--color-white\" data-v-6ad6f0e8=\"\" data-animated=\"true\"><span style=\"font-size: 16px;\">Tutta la forza dell\u2019acqua<\/span><\/h2>\n<h2 class=\"title big override--color-white\" data-v-6ad6f0e8=\"\" data-animated=\"true\"><span style=\"font-size: 16px;\">L\u2019acqua \u00e8 una delle pi\u00f9 antiche fonti di energia usate dall\u2019uomo: \u00e8 fondamentale per vivere, per produrre il cibo, per l\u2019igiene. Ma l\u2019acqua \u00e8 anche alla base di una delle tipologie di energia rinnovabile pi\u00f9 diffuse: l\u2019<\/span><strong style=\"font-size: 16px;\" data-v-6ad6f0e8=\"\">energia idroelettrica<\/strong><span style=\"font-size: 16px;\">. In base ai dati del report 2019 dell\u2019International Renewable Energy Agency (IRENA), la potenza complessiva degli impianti idroelettrici nel mondo \u00e8 pari a 1.172 GW: circa il 50% del totale delle fonti rinnovabili.<\/span><\/h2>\n<div class=\"rte-group\" data-v-6ad6f0e8=\"\">\n<div class=\"rte\" data-v-6ad6f0e8=\"\" data-animated=\"true\">\n<p data-v-6ad6f0e8=\"\">Anche se tra le rinnovabili \u00e8 la pi\u00f9 \u201canziana\u201d, nel corso degli anni la continua innovazione ha reso gli impianti idroelettrici sempre pi\u00f9 efficienti. Grazie alle attuali tecnologie, \u00e8 possibile trasformare in elettricit\u00e0 il 90% circa dell\u2019energia dell\u2019acqua, una percentuale quasi tre volte superiore al livello di efficienza delle fonti convenzionali. <strong data-v-6ad6f0e8=\"\">Basso impatto ambientale e alta efficienza<\/strong>\u00a0sono due dei fattori che contribuiscono ad una eccellente resa finale: tra gli impianti rinnovabili pi\u00f9 grandi del mondo, i primi cinque per energia prodotta sono alimentati dalla forza dell\u2019acqua.<\/p>\n<p data-v-6ad6f0e8=\"\"><img loading=\"lazy\" decoding=\"async\" class=\"alignnone size-large wp-image-10616\" src=\"https:\/\/museum.hinterpasseier.it\/wordpress\/wp-content\/uploads\/2022\/07\/6-scaled-1024x768.jpg\" alt=\"\" width=\"1024\" height=\"768\" srcset=\"https:\/\/museum.hinterpasseier.it\/wordpress\/wp-content\/uploads\/2022\/07\/6-scaled-1024x768.jpg 1024w, https:\/\/museum.hinterpasseier.it\/wordpress\/wp-content\/uploads\/2022\/07\/6-450x338.jpg 450w, https:\/\/museum.hinterpasseier.it\/wordpress\/wp-content\/uploads\/2022\/07\/6-768x576.jpg 768w, https:\/\/museum.hinterpasseier.it\/wordpress\/wp-content\/uploads\/2022\/07\/6-1536x1152.jpg 1536w, https:\/\/museum.hinterpasseier.it\/wordpress\/wp-content\/uploads\/2022\/07\/6-scaled.jpg 2048w\" sizes=\"auto, (max-width: 1024px) 100vw, 1024px\" \/><\/p>\n<\/div>\n<\/div>\n","protected":false},"excerpt":{"rendered":"<p>Tutta la forza dell\u2019acqua L\u2019acqua \u00e8 una delle pi\u00f9 antiche fonti di energia usate dall\u2019uomo: \u00e8 fondamentale per vivere, per produrre il cibo, per l\u2019igiene. Ma l\u2019acqua \u00e8 anche alla base di una delle tipologie di energia rinnovabile pi\u00f9 diffuse: l\u2019energia idroelettrica. In base ai dati del report 2019 dell\u2019International Renewable Energy Agency (IRENA), la&#8230;<\/p>\n","protected":false},"author":5,"featured_media":0,"parent":0,"menu_order":0,"comment_status":"closed","ping_status":"closed","template":"","meta":{"footnotes":""},"class_list":["post-10721","page","type-page","status-publish"],"yoast_head":"<!-- This site is optimized with the Yoast SEO plugin v27.3 - https:\/\/yoast.com\/product\/yoast-seo-wordpress\/ -->\n<title>Tutta la forza dell\u2019acqua - MuseumHinterPasseier<\/title>\n<meta name=\"description\" content=\"Tutta la forza dell\u2019acqua L\u2019acqua \u00e8 una delle pi\u00f9 antiche fonti di energia usate dall\u2019uomo: \u00e8 fondamentale per vivere, per produrre il cibo, per l\u2019igiene.\" \/>\n<meta name=\"robots\" content=\"index, follow, max-snippet:-1, max-image-preview:large, max-video-preview:-1\" \/>\n<link rel=\"canonical\" href=\"https:\/\/museum.hinterpasseier.it\/it\/tutta-la-forza-dellacqua\/\" \/>\n<meta property=\"og:locale\" content=\"it_IT\" \/>\n<meta property=\"og:type\" content=\"article\" \/>\n<meta property=\"og:title\" content=\"Tutta la forza dell\u2019acqua - MuseumHinterPasseier\" \/>\n<meta property=\"og:description\" content=\"Tutta la forza dell\u2019acqua L\u2019acqua \u00e8 una delle pi\u00f9 antiche fonti di energia usate dall\u2019uomo: \u00e8 fondamentale per vivere, per produrre il cibo, per l\u2019igiene.\" \/>\n<meta property=\"og:url\" content=\"https:\/\/museum.hinterpasseier.it\/it\/tutta-la-forza-dellacqua\/\" \/>\n<meta property=\"og:site_name\" content=\"MuseumHinterPasseier\" \/>\n<meta property=\"article:publisher\" content=\"https:\/\/www.facebook.com\/museum.hinterpasseier\" \/>\n<meta property=\"article:modified_time\" content=\"2022-07-30T08:24:25+00:00\" \/>\n<meta property=\"og:image\" content=\"https:\/\/museum.hinterpasseier.it\/wordpress\/wp-content\/uploads\/2022\/07\/6-scaled.jpg\" \/>\n\t<meta property=\"og:image:width\" content=\"2048\" \/>\n\t<meta property=\"og:image:height\" content=\"1536\" \/>\n\t<meta property=\"og:image:type\" content=\"image\/jpeg\" \/>\n<meta name=\"twitter:card\" content=\"summary_large_image\" \/>\n<meta name=\"twitter:label1\" content=\"Tempo di lettura stimato\" \/>\n\t<meta name=\"twitter:data1\" content=\"1 minuto\" \/>\n<script type=\"application\/ld+json\" class=\"yoast-schema-graph\">{\"@context\":\"https:\\\/\\\/schema.org\",\"@graph\":[{\"@type\":\"WebPage\",\"@id\":\"https:\\\/\\\/museum.hinterpasseier.it\\\/it\\\/tutta-la-forza-dellacqua\\\/\",\"url\":\"https:\\\/\\\/museum.hinterpasseier.it\\\/it\\\/tutta-la-forza-dellacqua\\\/\",\"name\":\"Tutta la forza dell\u2019acqua - MuseumHinterPasseier\",\"isPartOf\":{\"@id\":\"https:\\\/\\\/museum.hinterpasseier.it\\\/it\\\/#website\"},\"primaryImageOfPage\":{\"@id\":\"https:\\\/\\\/museum.hinterpasseier.it\\\/it\\\/tutta-la-forza-dellacqua\\\/#primaryimage\"},\"image\":{\"@id\":\"https:\\\/\\\/museum.hinterpasseier.it\\\/it\\\/tutta-la-forza-dellacqua\\\/#primaryimage\"},\"thumbnailUrl\":\"https:\\\/\\\/museum.hinterpasseier.it\\\/wordpress\\\/wp-content\\\/uploads\\\/2022\\\/07\\\/6-scaled-1024x768.jpg\",\"datePublished\":\"2022-07-24T12:56:29+00:00\",\"dateModified\":\"2022-07-30T08:24:25+00:00\",\"description\":\"Tutta la forza dell\u2019acqua L\u2019acqua \u00e8 una delle pi\u00f9 antiche fonti di energia usate dall\u2019uomo: \u00e8 fondamentale per vivere, per produrre il cibo, per l\u2019igiene.\",\"breadcrumb\":{\"@id\":\"https:\\\/\\\/museum.hinterpasseier.it\\\/it\\\/tutta-la-forza-dellacqua\\\/#breadcrumb\"},\"inLanguage\":\"it-IT\",\"potentialAction\":[{\"@type\":\"ReadAction\",\"target\":[\"https:\\\/\\\/museum.hinterpasseier.it\\\/it\\\/tutta-la-forza-dellacqua\\\/\"]}]},{\"@type\":\"ImageObject\",\"inLanguage\":\"it-IT\",\"@id\":\"https:\\\/\\\/museum.hinterpasseier.it\\\/it\\\/tutta-la-forza-dellacqua\\\/#primaryimage\",\"url\":\"https:\\\/\\\/museum.hinterpasseier.it\\\/wordpress\\\/wp-content\\\/uploads\\\/2022\\\/07\\\/6-scaled-1024x768.jpg\",\"contentUrl\":\"https:\\\/\\\/museum.hinterpasseier.it\\\/wordpress\\\/wp-content\\\/uploads\\\/2022\\\/07\\\/6-scaled-1024x768.jpg\"},{\"@type\":\"BreadcrumbList\",\"@id\":\"https:\\\/\\\/museum.hinterpasseier.it\\\/it\\\/tutta-la-forza-dellacqua\\\/#breadcrumb\",\"itemListElement\":[{\"@type\":\"ListItem\",\"position\":1,\"name\":\"Home\",\"item\":\"https:\\\/\\\/museum.hinterpasseier.it\\\/it\\\/\"},{\"@type\":\"ListItem\",\"position\":2,\"name\":\"Tutta la forza dell\u2019acqua\"}]},{\"@type\":\"WebSite\",\"@id\":\"https:\\\/\\\/museum.hinterpasseier.it\\\/it\\\/#website\",\"url\":\"https:\\\/\\\/museum.hinterpasseier.it\\\/it\\\/\",\"name\":\"MuseumHinterPasseier\",\"description\":\"Bunker Mooseum - Stieber Mooseum - Timmel_Transit\",\"publisher\":{\"@id\":\"https:\\\/\\\/museum.hinterpasseier.it\\\/it\\\/#organization\"},\"alternateName\":\"Bunker Mooseum\",\"potentialAction\":[{\"@type\":\"SearchAction\",\"target\":{\"@type\":\"EntryPoint\",\"urlTemplate\":\"https:\\\/\\\/museum.hinterpasseier.it\\\/it\\\/?s={search_term_string}\"},\"query-input\":{\"@type\":\"PropertyValueSpecification\",\"valueRequired\":true,\"valueName\":\"search_term_string\"}}],\"inLanguage\":\"it-IT\"},{\"@type\":\"Organization\",\"@id\":\"https:\\\/\\\/museum.hinterpasseier.it\\\/it\\\/#organization\",\"name\":\"MuseumHinterPasseier\",\"alternateName\":\"Bunker Mooseum\",\"url\":\"https:\\\/\\\/museum.hinterpasseier.it\\\/it\\\/\",\"logo\":{\"@type\":\"ImageObject\",\"inLanguage\":\"it-IT\",\"@id\":\"https:\\\/\\\/museum.hinterpasseier.it\\\/it\\\/#\\\/schema\\\/logo\\\/image\\\/\",\"url\":\"https:\\\/\\\/museum.hinterpasseier.it\\\/wordpress\\\/wp-content\\\/uploads\\\/2018\\\/03\\\/Logo-BunkerMooseum.png\",\"contentUrl\":\"https:\\\/\\\/museum.hinterpasseier.it\\\/wordpress\\\/wp-content\\\/uploads\\\/2018\\\/03\\\/Logo-BunkerMooseum.png\",\"width\":405,\"height\":484,\"caption\":\"MuseumHinterPasseier\"},\"image\":{\"@id\":\"https:\\\/\\\/museum.hinterpasseier.it\\\/it\\\/#\\\/schema\\\/logo\\\/image\\\/\"},\"sameAs\":[\"https:\\\/\\\/www.facebook.com\\\/museum.hinterpasseier\",\"https:\\\/\\\/www.instagram.com\\\/museumhinterpasseier\\\/\"]}]}<\/script>\n<!-- \/ Yoast SEO plugin. -->","yoast_head_json":{"title":"Tutta la forza dell\u2019acqua - MuseumHinterPasseier","description":"Tutta la forza dell\u2019acqua L\u2019acqua \u00e8 una delle pi\u00f9 antiche fonti di energia usate dall\u2019uomo: \u00e8 fondamentale per vivere, per produrre il cibo, per l\u2019igiene.","robots":{"index":"index","follow":"follow","max-snippet":"max-snippet:-1","max-image-preview":"max-image-preview:large","max-video-preview":"max-video-preview:-1"},"canonical":"https:\/\/museum.hinterpasseier.it\/it\/tutta-la-forza-dellacqua\/","og_locale":"it_IT","og_type":"article","og_title":"Tutta la forza dell\u2019acqua - MuseumHinterPasseier","og_description":"Tutta la forza dell\u2019acqua L\u2019acqua \u00e8 una delle pi\u00f9 antiche fonti di energia usate dall\u2019uomo: \u00e8 fondamentale per vivere, per produrre il cibo, per l\u2019igiene.","og_url":"https:\/\/museum.hinterpasseier.it\/it\/tutta-la-forza-dellacqua\/","og_site_name":"MuseumHinterPasseier","article_publisher":"https:\/\/www.facebook.com\/museum.hinterpasseier","article_modified_time":"2022-07-30T08:24:25+00:00","og_image":[{"width":2048,"height":1536,"url":"https:\/\/museum.hinterpasseier.it\/wordpress\/wp-content\/uploads\/2022\/07\/6-scaled.jpg","type":"image\/jpeg"}],"twitter_card":"summary_large_image","twitter_misc":{"Tempo di lettura stimato":"1 minuto"},"schema":{"@context":"https:\/\/schema.org","@graph":[{"@type":"WebPage","@id":"https:\/\/museum.hinterpasseier.it\/it\/tutta-la-forza-dellacqua\/","url":"https:\/\/museum.hinterpasseier.it\/it\/tutta-la-forza-dellacqua\/","name":"Tutta la forza dell\u2019acqua - MuseumHinterPasseier","isPartOf":{"@id":"https:\/\/museum.hinterpasseier.it\/it\/#website"},"primaryImageOfPage":{"@id":"https:\/\/museum.hinterpasseier.it\/it\/tutta-la-forza-dellacqua\/#primaryimage"},"image":{"@id":"https:\/\/museum.hinterpasseier.it\/it\/tutta-la-forza-dellacqua\/#primaryimage"},"thumbnailUrl":"https:\/\/museum.hinterpasseier.it\/wordpress\/wp-content\/uploads\/2022\/07\/6-scaled-1024x768.jpg","datePublished":"2022-07-24T12:56:29+00:00","dateModified":"2022-07-30T08:24:25+00:00","description":"Tutta la forza dell\u2019acqua L\u2019acqua \u00e8 una delle pi\u00f9 antiche fonti di energia usate dall\u2019uomo: \u00e8 fondamentale per vivere, per produrre il cibo, per l\u2019igiene.","breadcrumb":{"@id":"https:\/\/museum.hinterpasseier.it\/it\/tutta-la-forza-dellacqua\/#breadcrumb"},"inLanguage":"it-IT","potentialAction":[{"@type":"ReadAction","target":["https:\/\/museum.hinterpasseier.it\/it\/tutta-la-forza-dellacqua\/"]}]},{"@type":"ImageObject","inLanguage":"it-IT","@id":"https:\/\/museum.hinterpasseier.it\/it\/tutta-la-forza-dellacqua\/#primaryimage","url":"https:\/\/museum.hinterpasseier.it\/wordpress\/wp-content\/uploads\/2022\/07\/6-scaled-1024x768.jpg","contentUrl":"https:\/\/museum.hinterpasseier.it\/wordpress\/wp-content\/uploads\/2022\/07\/6-scaled-1024x768.jpg"},{"@type":"BreadcrumbList","@id":"https:\/\/museum.hinterpasseier.it\/it\/tutta-la-forza-dellacqua\/#breadcrumb","itemListElement":[{"@type":"ListItem","position":1,"name":"Home","item":"https:\/\/museum.hinterpasseier.it\/it\/"},{"@type":"ListItem","position":2,"name":"Tutta la forza dell\u2019acqua"}]},{"@type":"WebSite","@id":"https:\/\/museum.hinterpasseier.it\/it\/#website","url":"https:\/\/museum.hinterpasseier.it\/it\/","name":"MuseumHinterPasseier","description":"Bunker Mooseum - Stieber Mooseum - Timmel_Transit","publisher":{"@id":"https:\/\/museum.hinterpasseier.it\/it\/#organization"},"alternateName":"Bunker Mooseum","potentialAction":[{"@type":"SearchAction","target":{"@type":"EntryPoint","urlTemplate":"https:\/\/museum.hinterpasseier.it\/it\/?s={search_term_string}"},"query-input":{"@type":"PropertyValueSpecification","valueRequired":true,"valueName":"search_term_string"}}],"inLanguage":"it-IT"},{"@type":"Organization","@id":"https:\/\/museum.hinterpasseier.it\/it\/#organization","name":"MuseumHinterPasseier","alternateName":"Bunker Mooseum","url":"https:\/\/museum.hinterpasseier.it\/it\/","logo":{"@type":"ImageObject","inLanguage":"it-IT","@id":"https:\/\/museum.hinterpasseier.it\/it\/#\/schema\/logo\/image\/","url":"https:\/\/museum.hinterpasseier.it\/wordpress\/wp-content\/uploads\/2018\/03\/Logo-BunkerMooseum.png","contentUrl":"https:\/\/museum.hinterpasseier.it\/wordpress\/wp-content\/uploads\/2018\/03\/Logo-BunkerMooseum.png","width":405,"height":484,"caption":"MuseumHinterPasseier"},"image":{"@id":"https:\/\/museum.hinterpasseier.it\/it\/#\/schema\/logo\/image\/"},"sameAs":["https:\/\/www.facebook.com\/museum.hinterpasseier","https:\/\/www.instagram.com\/museumhinterpasseier\/"]}]}},"_links":{"self":[{"href":"https:\/\/museum.hinterpasseier.it\/it\/wp-json\/wp\/v2\/pages\/10721","targetHints":{"allow":["GET"]}}],"collection":[{"href":"https:\/\/museum.hinterpasseier.it\/it\/wp-json\/wp\/v2\/pages"}],"about":[{"href":"https:\/\/museum.hinterpasseier.it\/it\/wp-json\/wp\/v2\/types\/page"}],"author":[{"embeddable":true,"href":"https:\/\/museum.hinterpasseier.it\/it\/wp-json\/wp\/v2\/users\/5"}],"replies":[{"embeddable":true,"href":"https:\/\/museum.hinterpasseier.it\/it\/wp-json\/wp\/v2\/comments?post=10721"}],"version-history":[{"count":0,"href":"https:\/\/museum.hinterpasseier.it\/it\/wp-json\/wp\/v2\/pages\/10721\/revisions"}],"wp:attachment":[{"href":"https:\/\/museum.hinterpasseier.it\/it\/wp-json\/wp\/v2\/media?parent=10721"}],"curies":[{"name":"wp","href":"https:\/\/api.w.org\/{rel}","templated":true}]}}